{"id":1180,"date":"2022-07-04T08:50:52","date_gmt":"2022-07-04T06:50:52","guid":{"rendered":"https:\/\/www.hotelducentenaire.fr\/new\/planifiez-votre-sejour\/"},"modified":"2025-07-18T11:11:03","modified_gmt":"2025-07-18T09:11:03","slug":"plan-your-stay","status":"publish","type":"page","link":"https:\/\/www.hotelducentenaire.fr\/en\/plan-your-stay\/","title":{"rendered":"Planifiez votre s\u00e9jour"},"content":{"rendered":"[vc_row][vc_column][vc_column_text]\n<h2 style=\"text-align: center;\">There are many activities to choose from, don&#8217;t hesitate to contact our reception team to organise your stay.<\/h2>\n[\/vc_column_text][\/vc_column][\/vc_row][vc_row full_width=&#8221;stretch_row&#8221; css=&#8221;.vc_custom_1657519580199{background-image: url(https:\/\/www.hotelducentenaire.fr\/wp-content\/uploads\/2022\/07\/lascaux-hotel-centenaire-eyzies-dordogne-1024&#215;670-1.jpg?id=563) !important;background-position: center !important;background-repeat: no-repeat !important;background-size: cover !important;}&#8221;][vc_column width=&#8221;3\/5&#8243;][\/vc_column][vc_column width=&#8221;2\/5&#8243;][vc_empty_space][vc_row_inner css=&#8221;.vc_custom_1657519113464{background-color: rgba(255,255,255,0.8) !important;*background-color: rgb(255,255,255) !important;}&#8221;][vc_column_inner][vc_empty_space][vc_column_text]\n<div class=\"heading_group_sc wpb_content_element subtitle_top text-left\">\n<h2>Caves<\/h2>\n<\/div>\n<div class=\"wpb_text_column wpb_content_element \">\n<div class=\"wpb_wrapper\">\n<h3 style=\"text-align: left;\">Discover the precious heritage of the Dordogne,<\/h3>\n<p style=\"text-align: justify;\">through its world-famous caves such as Lascaux, Fond de Gaume, Bernifal or Combarelles.<\/p>\n<p><a href=\"https:\/\/www.lascaux.fr\/fr\" target=\"_blank\" rel=\"noopener\"><i class=\"fa-solid fa-circle-arrow-right\"><\/i> Lascaux<\/a><br \/>\n<a href=\"https:\/\/www.sites-les-eyzies.fr\/\" target=\"_blank\" rel=\"noopener\"><i class=\"fa-solid fa-circle-arrow-right\"><\/i> Grotte de Fond de Gaume<\/a><br \/>\n<a href=\"https:\/\/www.lascaux-dordogne.com\/fr\/patrimoine-culturel\/site-monument-grotte-et-gouffre-avec-art-parietal\/grotte-des-combarelles\" target=\"_blank\" rel=\"noopener\"><i class=\"fa-solid fa-circle-arrow-right\"><\/i> Grotte des Combarelles<\/a><\/p>\n<\/div>\n<\/div>\n[\/vc_column_text][vc_gallery images=&#8221;727,728,729&#8243; img_size=&#8221;full&#8221; columns=&#8221;4&#8243;][vc_empty_space][\/vc_column_inner][\/vc_row_inner][vc_empty_space][\/vc_column][\/vc_row][vc_row curly_padding=&#8221;content-padding-none&#8221;][vc_column][vc_empty_space height=&#8221;10px&#8221;][\/vc_column][\/vc_row][vc_row full_width=&#8221;stretch_row&#8221; css=&#8221;.vc_custom_1657519655767{background: #f7f7f7 url(https:\/\/www.hotelducentenaire.fr\/wp-content\/uploads\/2022\/07\/bg-commarque-01-1920&#215;1080-1.jpg?id=558) !important;background-position: center !important;background-repeat: no-repeat !important;background-size: cover !important;}&#8221;][vc_column width=&#8221;3\/5&#8243;][\/vc_column][vc_column width=&#8221;2\/5&#8243;][vc_empty_space][vc_row_inner css=&#8221;.vc_custom_1657519113464{background-color: rgba(255,255,255,0.8) !important;*background-color: rgb(255,255,255) !important;}&#8221;][vc_column_inner][vc_empty_space][vc_column_text]\n<div class=\"heading_group_sc wpb_content_element subtitle_top text-left\">\n<h2>Castles<\/h2>\n<\/div>\n<div class=\"wpb_text_column wpb_content_element \">\n<div class=\"wpb_wrapper\">\n<h3 style=\"text-align: left;\">Discover the 1001 castles,<\/h3>\n<p style=\"text-align: justify;\">that punctuate the landscapes of the historical journey you will follow. We recommend chateaux de Commarque, Marzac, Beynac or Castelnaud, a few of many. From the prelude of mankind to the Gallo-Roman antiquity and the Christian era, the P\u00e9rigord presents a complete fresco of the evolution of architecture.<\/p>\n<p><a href=\"http:\/\/chateau-beynac.com\" target=\"_blank\" rel=\"noopener\"><i class=\"fa-solid fa-circle-arrow-right\"><\/i> Ch\u00e2teau de Beynac<\/a><br \/>\n<a href=\"https:\/\/castelnaud.com\/\" target=\"_blank\" rel=\"noopener\"><i class=\"fa-solid fa-circle-arrow-right\"><\/i> Ch\u00e2teau de Castelnaud<\/a><br \/>\n<a href=\"https:\/\/www.commarque.com\/\" target=\"_blank\" rel=\"noopener\"><i class=\"fa-solid fa-circle-arrow-right\"><\/i> Ch\u00e2teau de Commarque<\/a><br \/>\n<a href=\"https:\/\/www.chateaudemarzac.com\/\" target=\"_blank\" rel=\"noopener\"><i class=\"fa-solid fa-circle-arrow-right\"><\/i> Ch\u00e2teau de marzac<\/a><\/p>\n<\/div>\n<\/div>\n[\/vc_column_text][vc_gallery images=&#8221;730,731,732,733&#8243; img_size=&#8221;full&#8221; columns=&#8221;4&#8243;][vc_empty_space][\/vc_column_inner][\/vc_row_inner][vc_empty_space][\/vc_column][\/vc_row][vc_row curly_padding=&#8221;content-padding-none&#8221;][vc_column][vc_empty_space height=&#8221;10px&#8221;][\/vc_column][\/vc_row][vc_row full_width=&#8221;stretch_row&#8221; css=&#8221;.vc_custom_1657522597663{background-image: url(https:\/\/www.hotelducentenaire.fr\/wp-content\/uploads\/2022\/07\/laroqueacastelnaud.jpg?id=577) !important;background-position: center !important;background-repeat: no-repeat !important;background-size: cover !important;}&#8221;][vc_column width=&#8221;3\/5&#8243;][\/vc_column][vc_column width=&#8221;2\/5&#8243;][vc_empty_space][vc_row_inner css=&#8221;.vc_custom_1657519113464{background-color: rgba(255,255,255,0.8) !important;*background-color: rgb(255,255,255) !important;}&#8221;][vc_column_inner][vc_empty_space][vc_column_text]\n<div class=\"heading_group_sc wpb_content_element subtitle_top text-left\">\n<h2>Sporting activities<\/h2>\n<\/div>\n<div class=\"wpb_text_column wpb_content_element \">\n<div class=\"wpb_wrapper\">\n<h3 style=\"text-align: left;\">The P\u00e9rigord is an ideal place for sport lovers!<\/h3>\n<p style=\"text-align: justify;\">Glide down the Dordogne or the V\u00e9z\u00e8re rivers by canoe or kayak with the help of our partners: Cano\u00eb Vall\u00e9e V\u00e9z\u00e8re, Cano\u00eb Vacances Dordogne amongst many others, we can of course offer our advice.<br \/>\nSoak up the sun with your friends or family and enjoy outdoor activities such as a golf day at Lolivarie Golf Club, or a horseback ride at La Ferme des Eymaries.<\/p>\n<p><a href=\"https:\/\/www.les-eymaries.fr\/\" target=\"_blank\" rel=\"noopener\"><i class=\"fa-solid fa-circle-arrow-right\"><\/i> La Ferme des Eymaries<\/a><br \/>\n<a href=\"https:\/\/www.lolivariegolfclub.com\/\" target=\"_blank\" rel=\"noopener\"><i class=\"fa-solid fa-circle-arrow-right\"><\/i> Lolivarie Golf Club<\/a><br \/>\n<a href=\"https:\/\/www.canoesvalleevezere.com\/\" target=\"_blank\" rel=\"noopener\"><i class=\"fa-solid fa-circle-arrow-right\"><\/i> Cano\u00eb Vall\u00e9e V\u00e9z\u00e8re<\/a><br \/>\n<a href=\"https:\/\/www.canoevacances.com\" target=\"_blank\" rel=\"noopener\"><i class=\"fa-solid fa-circle-arrow-right\"><\/i> Cano\u00eb Vacances<\/a><\/p>\n<\/div>\n<\/div>\n[\/vc_column_text][vc_gallery images=&#8221;736,737,735,734&#8243; img_size=&#8221;full&#8221; columns=&#8221;4&#8243;][vc_empty_space][\/vc_column_inner][\/vc_row_inner][vc_empty_space][\/vc_column][\/vc_row][vc_row curly_padding=&#8221;content-padding-none&#8221;][vc_column][vc_empty_space height=&#8221;10px&#8221;][\/vc_column][\/vc_row][vc_row full_width=&#8221;stretch_row&#8221; css=&#8221;.vc_custom_1657522162139{background: #f7f7f7 url(https:\/\/www.hotelducentenaire.fr\/wp-content\/uploads\/2022\/07\/FGP-071.jpg?id=574) !important;background-position: center !important;background-repeat: no-repeat !important;background-size: cover !important;}&#8221;][vc_column width=&#8221;3\/5&#8243;][\/vc_column][vc_column width=&#8221;2\/5&#8243;][vc_empty_space][vc_row_inner css=&#8221;.vc_custom_1657519113464{background-color: rgba(255,255,255,0.8) !important;*background-color: rgb(255,255,255) !important;}&#8221;][vc_column_inner][vc_empty_space][vc_column_text]\n<h2>Gastronomy specialties<\/h2>\n<h3 style=\"text-align: left;\">The P\u00e9rigord, a land of excellent products.<\/h3>\n<p style=\"text-align: justify;\">Don&#8217;t miss its unavoidable specialties such as Bergerac wines (Julien de Savignac, Domaine du Haut Montlong), foie gras (Foie Gras Galtier), goose (Les Granges) or Les Eyzies\u2019 own Caviar (La Perle Noire).<\/p>\n<p><a href=\"https:\/\/www.julien-de-savignac.com\/fr\/\" target=\"_blank\" rel=\"noopener\"><i class=\"fa-solid fa-circle-arrow-right\"><\/i> Julien de Savignac<\/a><br \/>\n<a href=\"https:\/\/www.boutique-monbazillac.com\/\" target=\"_blank\" rel=\"noopener\"><i class=\"fa-solid fa-circle-arrow-right\"><\/i> Domaine Haut monlong<\/a><br \/>\n<a href=\"https:\/\/www.foiegrasgaltier.fr\/\" target=\"_blank\" rel=\"noopener\"><i class=\"fa-solid fa-circle-arrow-right\"><\/i> Foie gras Galtier<\/a><br \/>\n<a href=\"https:\/\/www.caviarperlenoire.com\/fr\/\" target=\"_blank\" rel=\"noopener\"><i class=\"fa-solid fa-circle-arrow-right\"><\/i> Caviar Perle Noire<\/a><br \/>\n<a href=\"https:\/\/elevagedesgranges.com\/\" target=\"_blank\" rel=\"noopener\"><i class=\"fa-solid fa-circle-arrow-right\"><\/i> \u00c9levage d&#8217;oies Les Granges<\/a>[\/vc_column_text][vc_gallery images=&#8221;738,740,741,742&#8243; img_size=&#8221;full&#8221; columns=&#8221;4&#8243;][vc_empty_space][\/vc_column_inner][\/vc_row_inner][vc_empty_space][\/vc_column][\/vc_row][vc_row full_width=&#8221;stretch_row&#8221;][vc_column][vc_column_text]\n<h3 style=\"text-align: center;\">Enjoy your stay at Le Centenaire and discover the region!<\/h3>\n[\/vc_column_text][vc_btn title=&#8221;Bus lines&#8221; color=&#8221;chino&#8221; align=&#8221;center&#8221; link=&#8221;url:https%3A%2F%2Fwww.lascaux-dordogne.com%2Fpratique%2Fvenir-et-se-deplacer%2Fse-deplacer-en-bus%2F|target:_blank&#8221;][\/vc_column][\/vc_row][vc_row full_width=&#8221;stretch_row&#8221;][vc_column][vc_column_text]\n<h3 style=\"text-align: center;\">Don&#8217;t wait any longer and enjoy the moment<\/h3>\n<h2 style=\"text-align: center;\"><a href=\"tel:0553066868\"><i class=\"fa-solid fa-phone\"><\/i> 05 53 06 68 68<\/a><\/h2>\n[\/vc_column_text][\/vc_column][\/vc_row]\n","protected":false},"excerpt":{"rendered":"<p>[vc_row][vc_column][vc_column_text] There are many activities to choose from, don&#8217;t hesitate [&hellip;]<\/p>\n","protected":false},"author":1,"featured_media":1081,"parent":0,"menu_order":0,"comment_status":"closed","ping_status":"closed","template":"","meta":{"footnotes":""},"class_list":["post-1180","page","type-page","status-publish","has-post-thumbnail","hentry"],"yoast_head":"<!-- This site is optimized with the Yoast SEO plugin v26.3 - https:\/\/yoast.com\/wordpress\/plugins\/seo\/ -->\n<title>Plan your stay 4 star hotel LE CENTENAIRE Les Eyzies<\/title>\n<meta name=\"description\" content=\"Plan your stay hotel LE CENTENAIRE Plan your stay at the Hotel in the world capital of prehistory. Tourist activities, gastronomy...\" \/>\n<meta name=\"robots\" content=\"index, follow, max-snippet:-1, max-image-preview:large, max-video-preview:-1\" \/>\n<link rel=\"canonical\" href=\"https:\/\/www.hotelducentenaire.fr\/en\/plan-your-stay\/\" \/>\n<meta property=\"og:locale\" content=\"en_US\" \/>\n<meta property=\"og:type\" content=\"article\" \/>\n<meta property=\"og:title\" content=\"Plan your stay 4 star hotel LE CENTENAIRE Les Eyzies\" \/>\n<meta property=\"og:description\" content=\"Plan your stay hotel LE CENTENAIRE Plan your stay at the Hotel in the world capital of prehistory. Tourist activities, gastronomy...\" \/>\n<meta property=\"og:url\" content=\"https:\/\/www.hotelducentenaire.fr\/en\/plan-your-stay\/\" \/>\n<meta property=\"og:site_name\" content=\"H\u00f4tel du Centenaire\" \/>\n<meta property=\"article:modified_time\" content=\"2025-07-18T09:11:03+00:00\" \/>\n<meta property=\"og:image\" content=\"https:\/\/www.hotelducentenaire.fr\/wp-content\/uploads\/2022\/07\/hotel1.jpg\" \/>\n\t<meta property=\"og:image:width\" content=\"800\" \/>\n\t<meta property=\"og:image:height\" content=\"550\" \/>\n\t<meta property=\"og:image:type\" content=\"image\/jpeg\" \/>\n<meta name=\"twitter:card\" content=\"summary_large_image\" \/>\n<meta name=\"twitter:label1\" content=\"Est. reading time\" \/>\n\t<meta name=\"twitter:data1\" content=\"2 minutes\" \/>\n<script type=\"application\/ld+json\" class=\"yoast-schema-graph\">{\"@context\":\"https:\/\/schema.org\",\"@graph\":[{\"@type\":\"WebPage\",\"@id\":\"https:\/\/www.hotelducentenaire.fr\/en\/plan-your-stay\/\",\"url\":\"https:\/\/www.hotelducentenaire.fr\/en\/plan-your-stay\/\",\"name\":\"Plan your stay 4 star hotel LE CENTENAIRE Les Eyzies\",\"isPartOf\":{\"@id\":\"https:\/\/www.hotelducentenaire.fr\/#website\"},\"primaryImageOfPage\":{\"@id\":\"https:\/\/www.hotelducentenaire.fr\/en\/plan-your-stay\/#primaryimage\"},\"image\":{\"@id\":\"https:\/\/www.hotelducentenaire.fr\/en\/plan-your-stay\/#primaryimage\"},\"thumbnailUrl\":\"https:\/\/www.hotelducentenaire.fr\/wp-content\/uploads\/2022\/07\/hotel1.jpg\",\"datePublished\":\"2022-07-04T06:50:52+00:00\",\"dateModified\":\"2025-07-18T09:11:03+00:00\",\"description\":\"Plan your stay hotel LE CENTENAIRE Plan your stay at the Hotel in the world capital of prehistory. Tourist activities, gastronomy...\",\"breadcrumb\":{\"@id\":\"https:\/\/www.hotelducentenaire.fr\/en\/plan-your-stay\/#breadcrumb\"},\"inLanguage\":\"en-US\",\"potentialAction\":[{\"@type\":\"ReadAction\",\"target\":[\"https:\/\/www.hotelducentenaire.fr\/en\/plan-your-stay\/\"]}]},{\"@type\":\"ImageObject\",\"inLanguage\":\"en-US\",\"@id\":\"https:\/\/www.hotelducentenaire.fr\/en\/plan-your-stay\/#primaryimage\",\"url\":\"https:\/\/www.hotelducentenaire.fr\/wp-content\/uploads\/2022\/07\/hotel1.jpg\",\"contentUrl\":\"https:\/\/www.hotelducentenaire.fr\/wp-content\/uploads\/2022\/07\/hotel1.jpg\",\"width\":800,\"height\":550,\"caption\":\"Piscine H\u00f4tel du Centenaire Les Eyzies\"},{\"@type\":\"BreadcrumbList\",\"@id\":\"https:\/\/www.hotelducentenaire.fr\/en\/plan-your-stay\/#breadcrumb\",\"itemListElement\":[{\"@type\":\"ListItem\",\"position\":1,\"name\":\"Accueil\",\"item\":\"https:\/\/www.hotelducentenaire.fr\/en\/\"},{\"@type\":\"ListItem\",\"position\":2,\"name\":\"Planifiez votre s\u00e9jour\"}]},{\"@type\":\"WebSite\",\"@id\":\"https:\/\/www.hotelducentenaire.fr\/#website\",\"url\":\"https:\/\/www.hotelducentenaire.fr\/\",\"name\":\"H\u00f4tel du Centenaire\",\"description\":\"H\u00f4tel \u2605\u2605\u2605\u2605 Restaurant Les-Eyzies-de-Tayac Dordogne \u2013 05 53 06 68 68\",\"potentialAction\":[{\"@type\":\"SearchAction\",\"target\":{\"@type\":\"EntryPoint\",\"urlTemplate\":\"https:\/\/www.hotelducentenaire.fr\/?s={search_term_string}\"},\"query-input\":{\"@type\":\"PropertyValueSpecification\",\"valueRequired\":true,\"valueName\":\"search_term_string\"}}],\"inLanguage\":\"en-US\"}]}<\/script>\n<!-- \/ Yoast SEO plugin. -->","yoast_head_json":{"title":"Plan your stay 4 star hotel LE CENTENAIRE Les Eyzies","description":"Plan your stay hotel LE CENTENAIRE Plan your stay at the Hotel in the world capital of prehistory. Tourist activities, gastronomy...","robots":{"index":"index","follow":"follow","max-snippet":"max-snippet:-1","max-image-preview":"max-image-preview:large","max-video-preview":"max-video-preview:-1"},"canonical":"https:\/\/www.hotelducentenaire.fr\/en\/plan-your-stay\/","og_locale":"en_US","og_type":"article","og_title":"Plan your stay 4 star hotel LE CENTENAIRE Les Eyzies","og_description":"Plan your stay hotel LE CENTENAIRE Plan your stay at the Hotel in the world capital of prehistory. Tourist activities, gastronomy...","og_url":"https:\/\/www.hotelducentenaire.fr\/en\/plan-your-stay\/","og_site_name":"H\u00f4tel du Centenaire","article_modified_time":"2025-07-18T09:11:03+00:00","og_image":[{"width":800,"height":550,"url":"https:\/\/www.hotelducentenaire.fr\/wp-content\/uploads\/2022\/07\/hotel1.jpg","type":"image\/jpeg"}],"twitter_card":"summary_large_image","twitter_misc":{"Est. reading time":"2 minutes"},"schema":{"@context":"https:\/\/schema.org","@graph":[{"@type":"WebPage","@id":"https:\/\/www.hotelducentenaire.fr\/en\/plan-your-stay\/","url":"https:\/\/www.hotelducentenaire.fr\/en\/plan-your-stay\/","name":"Plan your stay 4 star hotel LE CENTENAIRE Les Eyzies","isPartOf":{"@id":"https:\/\/www.hotelducentenaire.fr\/#website"},"primaryImageOfPage":{"@id":"https:\/\/www.hotelducentenaire.fr\/en\/plan-your-stay\/#primaryimage"},"image":{"@id":"https:\/\/www.hotelducentenaire.fr\/en\/plan-your-stay\/#primaryimage"},"thumbnailUrl":"https:\/\/www.hotelducentenaire.fr\/wp-content\/uploads\/2022\/07\/hotel1.jpg","datePublished":"2022-07-04T06:50:52+00:00","dateModified":"2025-07-18T09:11:03+00:00","description":"Plan your stay hotel LE CENTENAIRE Plan your stay at the Hotel in the world capital of prehistory. Tourist activities, gastronomy...","breadcrumb":{"@id":"https:\/\/www.hotelducentenaire.fr\/en\/plan-your-stay\/#breadcrumb"},"inLanguage":"en-US","potentialAction":[{"@type":"ReadAction","target":["https:\/\/www.hotelducentenaire.fr\/en\/plan-your-stay\/"]}]},{"@type":"ImageObject","inLanguage":"en-US","@id":"https:\/\/www.hotelducentenaire.fr\/en\/plan-your-stay\/#primaryimage","url":"https:\/\/www.hotelducentenaire.fr\/wp-content\/uploads\/2022\/07\/hotel1.jpg","contentUrl":"https:\/\/www.hotelducentenaire.fr\/wp-content\/uploads\/2022\/07\/hotel1.jpg","width":800,"height":550,"caption":"Piscine H\u00f4tel du Centenaire Les Eyzies"},{"@type":"BreadcrumbList","@id":"https:\/\/www.hotelducentenaire.fr\/en\/plan-your-stay\/#breadcrumb","itemListElement":[{"@type":"ListItem","position":1,"name":"Accueil","item":"https:\/\/www.hotelducentenaire.fr\/en\/"},{"@type":"ListItem","position":2,"name":"Planifiez votre s\u00e9jour"}]},{"@type":"WebSite","@id":"https:\/\/www.hotelducentenaire.fr\/#website","url":"https:\/\/www.hotelducentenaire.fr\/","name":"H\u00f4tel du Centenaire","description":"H\u00f4tel \u2605\u2605\u2605\u2605 Restaurant Les-Eyzies-de-Tayac Dordogne \u2013 05 53 06 68 68","potentialAction":[{"@type":"SearchAction","target":{"@type":"EntryPoint","urlTemplate":"https:\/\/www.hotelducentenaire.fr\/?s={search_term_string}"},"query-input":{"@type":"PropertyValueSpecification","valueRequired":true,"valueName":"search_term_string"}}],"inLanguage":"en-US"}]}},"_links":{"self":[{"href":"https:\/\/www.hotelducentenaire.fr\/en\/wp-json\/wp\/v2\/pages\/1180","targetHints":{"allow":["GET"]}}],"collection":[{"href":"https:\/\/www.hotelducentenaire.fr\/en\/wp-json\/wp\/v2\/pages"}],"about":[{"href":"https:\/\/www.hotelducentenaire.fr\/en\/wp-json\/wp\/v2\/types\/page"}],"author":[{"embeddable":true,"href":"https:\/\/www.hotelducentenaire.fr\/en\/wp-json\/wp\/v2\/users\/1"}],"replies":[{"embeddable":true,"href":"https:\/\/www.hotelducentenaire.fr\/en\/wp-json\/wp\/v2\/comments?post=1180"}],"version-history":[{"count":4,"href":"https:\/\/www.hotelducentenaire.fr\/en\/wp-json\/wp\/v2\/pages\/1180\/revisions"}],"predecessor-version":[{"id":4638,"href":"https:\/\/www.hotelducentenaire.fr\/en\/wp-json\/wp\/v2\/pages\/1180\/revisions\/4638"}],"wp:featuredmedia":[{"embeddable":true,"href":"https:\/\/www.hotelducentenaire.fr\/en\/wp-json\/wp\/v2\/media\/1081"}],"wp:attachment":[{"href":"https:\/\/www.hotelducentenaire.fr\/en\/wp-json\/wp\/v2\/media?parent=1180"}],"curies":[{"name":"wp","href":"https:\/\/api.w.org\/{rel}","templated":true}]}}