{"id":1183,"date":"2022-07-01T08:59:30","date_gmt":"2022-07-01T06:59:30","guid":{"rendered":"https:\/\/www.hotelducentenaire.fr\/new\/la-table-du-centenaire\/"},"modified":"2026-04-25T20:38:14","modified_gmt":"2026-04-25T18:38:14","slug":"la-table-du-centenaire","status":"publish","type":"page","link":"https:\/\/www.hotelducentenaire.fr\/en\/la-table-du-centenaire\/","title":{"rendered":"La Table du Centenaire"},"content":{"rendered":"[vc_row curly_padding=&#8221;content-padding-none&#8221;][vc_column]\n\t\t\t<!-- START Slider 1 REVOLUTION SLIDER 6.7.31 --><p class=\"rs-p-wp-fix\"><\/p>\n\t\t\t<rs-module-wrap id=\"rev_slider_2_1_wrapper\" data-source=\"gallery\" style=\"visibility:hidden;background:transparent;padding:0;margin:0px auto;margin-top:0;margin-bottom:0;\">\n\t\t\t\t<rs-module id=\"rev_slider_2_1\" style=\"\" data-version=\"6.7.31\">\n\t\t\t\t\t<rs-slides style=\"overflow: hidden; position: absolute;\">\n\t\t\t\t\t\t<rs-slide style=\"position: absolute;\" data-key=\"rs-6\" data-title=\"Slide\" data-anim=\"ms:1000;r:0;\" data-in=\"o:0;\" data-out=\"a:false;\">\n\t\t\t\t\t\t\t<img decoding=\"async\" src=\"\/\/www.hotelducentenaire.fr\/wp-content\/plugins\/revslider\/sr6\/assets\/assets\/dummy.png\" alt=\"La table du Centenaire Les Eyzies Dordogne\" title=\"La table du Centenaire Les Eyzies Dordogne\" width=\"1800\" height=\"600\" class=\"rev-slidebg tp-rs-img rs-lazyload\" data-lazyload=\"\/\/www.hotelducentenaire.fr\/wp-content\/uploads\/2022\/07\/thetable.jpg\" data-no-retina>\n<!--\n\t\t\t\t\t\t\t--><rs-layer\n\t\t\t\t\t\t\t\tid=\"slider-2-slide-6-layer-0\" \n\t\t\t\t\t\t\t\tdata-type=\"text\"\n\t\t\t\t\t\t\t\tdata-color=\"#ffffff\"\n\t\t\t\t\t\t\t\tdata-tsh=\"c:rgba(0,0,0,0.73);h:2px;v:1px;b:5px;\"\n\t\t\t\t\t\t\t\tdata-rsp_ch=\"on\"\n\t\t\t\t\t\t\t\tdata-xy=\"x:c;y:201px;\"\n\t\t\t\t\t\t\t\tdata-text=\"w:normal;s:57;l:24;\"\n\t\t\t\t\t\t\t\tdata-frame_1=\"e:power4.inOut;st:130;sp:1500;\"\n\t\t\t\t\t\t\t\tdata-frame_999=\"o:0;st:w;sR:8300;\"\n\t\t\t\t\t\t\t\tstyle=\"z-index:5;font-family:'Crimson Text';text-transform:uppercase;\"\n\t\t\t\t\t\t\t>La Table du Centenaire \n\t\t\t\t\t\t\t<\/rs-layer><!--\n\n\t\t\t\t\t\t\t--><rs-layer\n\t\t\t\t\t\t\t\tid=\"slider-2-slide-6-layer-2\" \n\t\t\t\t\t\t\t\tdata-type=\"image\"\n\t\t\t\t\t\t\t\tdata-rsp_ch=\"on\"\n\t\t\t\t\t\t\t\tdata-xy=\"x:c;xo:23px;y:b;yo:-4px;\"\n\t\t\t\t\t\t\t\tdata-text=\"w:normal;\"\n\t\t\t\t\t\t\t\tdata-dim=\"w:2000px;h:67px;\"\n\t\t\t\t\t\t\t\tdata-frame_999=\"o:0;st:w;\"\n\t\t\t\t\t\t\t\tstyle=\"z-index:7;\"\n\t\t\t\t\t\t\t><img decoding=\"async\" src=\"\/\/www.hotelducentenaire.fr\/wp-content\/plugins\/revslider\/sr6\/assets\/assets\/dummy.png\" alt=\"\" class=\"tp-rs-img rs-lazyload\" width=\"1741\" height=\"58\" data-lazyload=\"\" data-no-retina> \n\t\t\t\t\t\t\t<\/rs-layer><!--\n-->\t\t\t\t\t<\/rs-slide>\n\t\t\t\t\t<\/rs-slides>\n\t\t\t\t<\/rs-module>\n\t\t\t\t<script>\n\t\t\t\t\tsetREVStartSize({c: 'rev_slider_2_1',rl:[1240,1024,778,480],el:[420],gw:[1800],gh:[420],type:'standard',justify:'',layout:'fullwidth',mh:\"0\"});if (window.RS_MODULES!==undefined && window.RS_MODULES.modules!==undefined && window.RS_MODULES.modules[\"revslider21\"]!==undefined) {window.RS_MODULES.modules[\"revslider21\"].once = false;window.revapi2 = undefined;if (window.RS_MODULES.checkMinimal!==undefined) window.RS_MODULES.checkMinimal()}\n\t\t\t\t<\/script>\n\t\t\t<\/rs-module-wrap>\n\t\t\t<!-- END REVOLUTION SLIDER -->\n[\/vc_column][\/vc_row][vc_row full_width=&#8221;stretch_row&#8221; css=&#8221;.vc_custom_1657296097214{background-image: url(https:\/\/www.hotelducentenaire.fr\/wp-content\/uploads\/2022\/07\/background-cuisine.jpg?id=465) !important;background-position: center !important;background-repeat: no-repeat !important;background-size: cover !important;}&#8221;][vc_column width=&#8221;1\/2&#8243;][vc_column_text]\n<h2 style=\"text-align: center;\">Live an uncomparable epicurean experience at La Table du Centenaire<\/h2>\n[\/vc_column_text][vc_empty_space height=&#8221;15px&#8221;][vc_images_carousel images=&#8221;1134,1135,1136,1137,1053,1001,999,1003,1002,1010&#8243; hide_prev_next_buttons=&#8221;yes&#8221; wrap=&#8221;yes&#8221;][vc_empty_space height=&#8221;15px&#8221;][vc_row_inner][vc_column_inner width=&#8221;1\/2&#8243;][vc_column_text]<a href=\"https:\/\/www.hotelducentenaire.fr\/en\/our-suppliers\/\" target=\"_blank\" rel=\"noopener\"><img loading=\"lazy\" decoding=\"async\" class=\"aligncenter wp-image-1289 size-medium\" role=\"img\" src=\"https:\/\/www.hotelducentenaire.fr\/wp-content\/uploads\/2022\/09\/suppliers.svg\" alt=\"\" width=\"300\" height=\"300\" \/><\/a>[\/vc_column_text][\/vc_column_inner][vc_column_inner width=&#8221;1\/2&#8243;][vc_column_text]<img loading=\"lazy\" decoding=\"async\" class=\"alignnone size-medium wp-image-5144\" src=\"https:\/\/www.hotelducentenaire.fr\/wp-content\/uploads\/2026\/03\/logo_site_internet_footer_Selection_Restaurant_2026_rouge-300x300.png\" alt=\"\" width=\"300\" height=\"300\" srcset=\"https:\/\/www.hotelducentenaire.fr\/wp-content\/uploads\/2026\/03\/logo_site_internet_footer_Selection_Restaurant_2026_rouge-300x300.png 300w, https:\/\/www.hotelducentenaire.fr\/wp-content\/uploads\/2026\/03\/logo_site_internet_footer_Selection_Restaurant_2026_rouge-1024x1024.png 1024w, https:\/\/www.hotelducentenaire.fr\/wp-content\/uploads\/2026\/03\/logo_site_internet_footer_Selection_Restaurant_2026_rouge-150x150.png 150w, https:\/\/www.hotelducentenaire.fr\/wp-content\/uploads\/2026\/03\/logo_site_internet_footer_Selection_Restaurant_2026_rouge-768x768.png 768w, https:\/\/www.hotelducentenaire.fr\/wp-content\/uploads\/2026\/03\/logo_site_internet_footer_Selection_Restaurant_2026_rouge.png 1046w\" sizes=\"auto, (max-width: 300px) 100vw, 300px\" \/>[\/vc_column_text][\/vc_column_inner][\/vc_row_inner][vc_row_inner][vc_column_inner width=&#8221;1\/3&#8243;][\/vc_column_inner][vc_column_inner width=&#8221;1\/3&#8243;][vc_column_text]<img loading=\"lazy\" decoding=\"async\" class=\"alignnone size-medium wp-image-5114\" src=\"https:\/\/www.hotelducentenaire.fr\/wp-content\/uploads\/2026\/02\/Table-de-Maitre-2026-300x300.png\" alt=\"\" width=\"300\" height=\"300\" srcset=\"https:\/\/www.hotelducentenaire.fr\/wp-content\/uploads\/2026\/02\/Table-de-Maitre-2026-300x300.png 300w, https:\/\/www.hotelducentenaire.fr\/wp-content\/uploads\/2026\/02\/Table-de-Maitre-2026-1024x1024.png 1024w, https:\/\/www.hotelducentenaire.fr\/wp-content\/uploads\/2026\/02\/Table-de-Maitre-2026-150x150.png 150w, https:\/\/www.hotelducentenaire.fr\/wp-content\/uploads\/2026\/02\/Table-de-Maitre-2026-768x768.png 768w, https:\/\/www.hotelducentenaire.fr\/wp-content\/uploads\/2026\/02\/Table-de-Maitre-2026-1536x1536.png 1536w, https:\/\/www.hotelducentenaire.fr\/wp-content\/uploads\/2026\/02\/Table-de-Maitre-2026-2048x2048.png 2048w\" sizes=\"auto, (max-width: 300px) 100vw, 300px\" \/>[\/vc_column_text][\/vc_column_inner][vc_column_inner width=&#8221;1\/3&#8243;][\/vc_column_inner][\/vc_row_inner][vc_empty_space height=&#8221;15px&#8221;][\/vc_column][vc_column width=&#8221;1\/2&#8243;][vc_column_text css=&#8221;.vc_custom_1774717583263{border-bottom-width: 1px !important;border-bottom-color: #cccccc !important;border-bottom-style: solid !important;border-radius: 1px !important;}&#8221;]<span style=\"color: #000000;\">The typicity and the originality of the chef Mathieu M\u00e9tifet food, join by his team, will surprise you through unique and emblematic meals which makes your diner, a singular moment.<\/span><\/p>\n<p><span style=\"color: #000000;\">You will enjoy some of the most warm and professional service thanks to our service team.<\/span><\/p>\n<p><span style=\"color: #000000;\">The gastronomic restaurant is recommended in the<\/span><br \/>\n<span style=\"color: #000000;\"><strong><a style=\"color: #000000;\" href=\"https:\/\/guide.michelin.com\/en\/nouvelle-aquitaine\/les-eyzies-de-tayac\/restaurant\/le-centenaire\" target=\"_blank\" rel=\"noopener\">MICHELIN Guide France 2026<\/a><\/strong>.<\/span><\/p>\n<p style=\"text-align: justify;\"><span style=\"color: #000000;\">Let yourself be seduced by the setting, the atmosphere and<\/span><br \/>\n<span style=\"color: #000000;\">the finesse of the menus that will exalt your senses.<\/span><\/p>\n[\/vc_column_text][vc_column_text]Re-opening The 3rd of April 2026<\/p>\n<p><span class=\"\">The restaurant will be open from 7:00 pm to 9:00 pm<br \/>\nand on Sundays from 12:30 pm to 2:00 pm<br \/>\n<\/span><span class=\"\">(Restaurant closed on Tuesday and Wednesday).<\/span>[\/vc_column_text][vc_empty_space height=&#8221;20px&#8221;][vc_row_inner][vc_column_inner width=&#8221;1\/2&#8243;][vc_btn title=&#8221;SEE MENU&#8221; color=&#8221;chino&#8221; align=&#8221;center&#8221; i_icon_fontawesome=&#8221;fas fa-utensils&#8221; add_icon=&#8221;true&#8221; link=&#8221;url:https%3A%2F%2Fwww.hotelducentenaire.fr%2Fwp-content%2Fuploads%2F2026%2F04%2FMENU-TDC-EN-1.pdf|target:_blank&#8221;][\/vc_column_inner][vc_column_inner width=&#8221;1\/2&#8243;][vc_btn title=&#8221;BOOK YOUR TABLE&#8221; color=&#8221;chino&#8221; align=&#8221;center&#8221; link=&#8221;url:https%3A%2F%2Fwidget.thefork.com%2F63e63263-6495-48fa-b766-5a0a5eecf88a|target:_blank&#8221;][\/vc_column_inner][\/vc_row_inner][\/vc_column][\/vc_row][vc_row full_width=&#8221;stretch_row_content&#8221; gap=&#8221;10&#8243; equal_height=&#8221;yes&#8221; curly_padding=&#8221;content-padding-none&#8221;][vc_column width=&#8221;1\/5&#8243; css=&#8221;.vc_custom_1657298858274{background-image: url(https:\/\/www.hotelducentenaire.fr\/wp-content\/uploads\/2022\/07\/potager.jpg?id=513) !important;background-position: center !important;background-repeat: no-repeat !important;background-size: cover !important;}&#8221;][vc_empty_space height=&#8221;300px&#8221;][\/vc_column][vc_column width=&#8221;1\/5&#8243; css=&#8221;.vc_custom_1657298911184{background-image: url(https:\/\/www.hotelducentenaire.fr\/wp-content\/uploads\/2022\/07\/plat06.jpg?id=514) !important;background-position: center !important;background-repeat: no-repeat !important;background-size: cover !important;}&#8221;][vc_empty_space height=&#8221;300px&#8221;][\/vc_column][vc_column width=&#8221;1\/5&#8243; css=&#8221;.vc_custom_1657298937708{background-image: url(https:\/\/www.hotelducentenaire.fr\/wp-content\/uploads\/2022\/07\/girolles.jpg?id=515) !important;background-position: center !important;background-repeat: no-repeat !important;background-size: cover !important;}&#8221;][vc_empty_space height=&#8221;300px&#8221;][\/vc_column][vc_column width=&#8221;1\/5&#8243; css=&#8221;.vc_custom_1657298976467{background-image: url(https:\/\/www.hotelducentenaire.fr\/wp-content\/uploads\/2022\/07\/retaurant1.jpg?id=516) !important;background-position: center !important;background-repeat: no-repeat !important;background-size: cover !important;}&#8221;][vc_empty_space height=&#8221;300px&#8221;][\/vc_column][vc_column width=&#8221;1\/5&#8243; css=&#8221;.vc_custom_1657300375859{background-image: url(https:\/\/www.hotelducentenaire.fr\/wp-content\/uploads\/2022\/07\/plat04.jpg?id=477) !important;background-position: center !important;background-repeat: no-repeat !important;background-size: cover !important;}&#8221;][vc_empty_space height=&#8221;300px&#8221;][\/vc_column][\/vc_row]\n","protected":false},"excerpt":{"rendered":"<p>[vc_row curly_padding=&#8221;content-padding-none&#8221;][vc_column][\/vc_column][\/vc_row][vc_row full_width=&#8221;stretch_row&#8221; css=&#8221;.vc_custom_1657296097214{background-image: url(https:\/\/www.hotelducentenaire.fr\/wp-content\/uploads\/2022\/07\/background-cuisine.jpg?id=465) !important;background-position: center !important;background-repeat: no-repeat !important;background-size: [&hellip;]<\/p>\n","protected":false},"author":1,"featured_media":1136,"parent":0,"menu_order":0,"comment_status":"closed","ping_status":"closed","template":"","meta":{"footnotes":""},"class_list":["post-1183","page","type-page","status-publish","has-post-thumbnail","hentry"],"yoast_head":"<!-- This site is optimized with the Yoast SEO plugin v26.3 - https:\/\/yoast.com\/wordpress\/plugins\/seo\/ -->\n<title>La Table du Centenaire Les Eyzies gourmet restaurant<\/title>\n<meta name=\"description\" content=\"Enjoy a unique epicurean experience at the Table du Centenaire gourmet restaurant Les Eyzies in the P\u00e9rigord - Chef Mathieu M\u00e9tifet\" \/>\n<meta name=\"robots\" content=\"index, follow, max-snippet:-1, max-image-preview:large, max-video-preview:-1\" \/>\n<link rel=\"canonical\" href=\"https:\/\/www.hotelducentenaire.fr\/en\/la-table-du-centenaire\/\" \/>\n<meta property=\"og:locale\" content=\"en_US\" \/>\n<meta property=\"og:type\" content=\"article\" \/>\n<meta property=\"og:title\" content=\"La Table du Centenaire Les Eyzies gourmet restaurant\" \/>\n<meta property=\"og:description\" content=\"Enjoy a unique epicurean experience at the Table du Centenaire gourmet restaurant Les Eyzies in the P\u00e9rigord - Chef Mathieu M\u00e9tifet\" \/>\n<meta property=\"og:url\" content=\"https:\/\/www.hotelducentenaire.fr\/en\/la-table-du-centenaire\/\" \/>\n<meta property=\"og:site_name\" content=\"H\u00f4tel du Centenaire\" \/>\n<meta property=\"article:modified_time\" content=\"2026-04-25T18:38:14+00:00\" \/>\n<meta property=\"og:image\" content=\"https:\/\/www.hotelducentenaire.fr\/wp-content\/uploads\/2022\/07\/resto3.jpg\" \/>\n\t<meta property=\"og:image:width\" content=\"800\" \/>\n\t<meta property=\"og:image:height\" content=\"550\" \/>\n\t<meta property=\"og:image:type\" content=\"image\/jpeg\" \/>\n<meta name=\"twitter:card\" content=\"summary_large_image\" \/>\n<meta name=\"twitter:label1\" content=\"Est. reading time\" \/>\n\t<meta name=\"twitter:data1\" content=\"5 minutes\" \/>\n<script type=\"application\/ld+json\" class=\"yoast-schema-graph\">{\"@context\":\"https:\/\/schema.org\",\"@graph\":[{\"@type\":\"WebPage\",\"@id\":\"https:\/\/www.hotelducentenaire.fr\/en\/la-table-du-centenaire\/\",\"url\":\"https:\/\/www.hotelducentenaire.fr\/en\/la-table-du-centenaire\/\",\"name\":\"La Table du Centenaire Les Eyzies gourmet restaurant\",\"isPartOf\":{\"@id\":\"https:\/\/www.hotelducentenaire.fr\/#website\"},\"primaryImageOfPage\":{\"@id\":\"https:\/\/www.hotelducentenaire.fr\/en\/la-table-du-centenaire\/#primaryimage\"},\"image\":{\"@id\":\"https:\/\/www.hotelducentenaire.fr\/en\/la-table-du-centenaire\/#primaryimage\"},\"thumbnailUrl\":\"https:\/\/www.hotelducentenaire.fr\/wp-content\/uploads\/2022\/07\/resto3.jpg\",\"datePublished\":\"2022-07-01T06:59:30+00:00\",\"dateModified\":\"2026-04-25T18:38:14+00:00\",\"description\":\"Enjoy a unique epicurean experience at the Table du Centenaire gourmet restaurant Les Eyzies in the P\u00e9rigord - Chef Mathieu M\u00e9tifet\",\"breadcrumb\":{\"@id\":\"https:\/\/www.hotelducentenaire.fr\/en\/la-table-du-centenaire\/#breadcrumb\"},\"inLanguage\":\"en-US\",\"potentialAction\":[{\"@type\":\"ReadAction\",\"target\":[\"https:\/\/www.hotelducentenaire.fr\/en\/la-table-du-centenaire\/\"]}]},{\"@type\":\"ImageObject\",\"inLanguage\":\"en-US\",\"@id\":\"https:\/\/www.hotelducentenaire.fr\/en\/la-table-du-centenaire\/#primaryimage\",\"url\":\"https:\/\/www.hotelducentenaire.fr\/wp-content\/uploads\/2022\/07\/resto3.jpg\",\"contentUrl\":\"https:\/\/www.hotelducentenaire.fr\/wp-content\/uploads\/2022\/07\/resto3.jpg\",\"width\":800,\"height\":550,\"caption\":\"La Table Du Centenaire r\u00e9f\u00e9renc\u00e9 au Guide MICHELIN France 2023\"},{\"@type\":\"BreadcrumbList\",\"@id\":\"https:\/\/www.hotelducentenaire.fr\/en\/la-table-du-centenaire\/#breadcrumb\",\"itemListElement\":[{\"@type\":\"ListItem\",\"position\":1,\"name\":\"Accueil\",\"item\":\"https:\/\/www.hotelducentenaire.fr\/en\/\"},{\"@type\":\"ListItem\",\"position\":2,\"name\":\"La Table du Centenaire\"}]},{\"@type\":\"WebSite\",\"@id\":\"https:\/\/www.hotelducentenaire.fr\/#website\",\"url\":\"https:\/\/www.hotelducentenaire.fr\/\",\"name\":\"H\u00f4tel du Centenaire\",\"description\":\"H\u00f4tel \u2605\u2605\u2605\u2605 Restaurant Les-Eyzies-de-Tayac Dordogne \u2013 05 53 06 68 68\",\"potentialAction\":[{\"@type\":\"SearchAction\",\"target\":{\"@type\":\"EntryPoint\",\"urlTemplate\":\"https:\/\/www.hotelducentenaire.fr\/?s={search_term_string}\"},\"query-input\":{\"@type\":\"PropertyValueSpecification\",\"valueRequired\":true,\"valueName\":\"search_term_string\"}}],\"inLanguage\":\"en-US\"}]}<\/script>\n<!-- \/ Yoast SEO plugin. -->","yoast_head_json":{"title":"La Table du Centenaire Les Eyzies gourmet restaurant","description":"Enjoy a unique epicurean experience at the Table du Centenaire gourmet restaurant Les Eyzies in the P\u00e9rigord - Chef Mathieu M\u00e9tifet","robots":{"index":"index","follow":"follow","max-snippet":"max-snippet:-1","max-image-preview":"max-image-preview:large","max-video-preview":"max-video-preview:-1"},"canonical":"https:\/\/www.hotelducentenaire.fr\/en\/la-table-du-centenaire\/","og_locale":"en_US","og_type":"article","og_title":"La Table du Centenaire Les Eyzies gourmet restaurant","og_description":"Enjoy a unique epicurean experience at the Table du Centenaire gourmet restaurant Les Eyzies in the P\u00e9rigord - Chef Mathieu M\u00e9tifet","og_url":"https:\/\/www.hotelducentenaire.fr\/en\/la-table-du-centenaire\/","og_site_name":"H\u00f4tel du Centenaire","article_modified_time":"2026-04-25T18:38:14+00:00","og_image":[{"width":800,"height":550,"url":"https:\/\/www.hotelducentenaire.fr\/wp-content\/uploads\/2022\/07\/resto3.jpg","type":"image\/jpeg"}],"twitter_card":"summary_large_image","twitter_misc":{"Est. reading time":"5 minutes"},"schema":{"@context":"https:\/\/schema.org","@graph":[{"@type":"WebPage","@id":"https:\/\/www.hotelducentenaire.fr\/en\/la-table-du-centenaire\/","url":"https:\/\/www.hotelducentenaire.fr\/en\/la-table-du-centenaire\/","name":"La Table du Centenaire Les Eyzies gourmet restaurant","isPartOf":{"@id":"https:\/\/www.hotelducentenaire.fr\/#website"},"primaryImageOfPage":{"@id":"https:\/\/www.hotelducentenaire.fr\/en\/la-table-du-centenaire\/#primaryimage"},"image":{"@id":"https:\/\/www.hotelducentenaire.fr\/en\/la-table-du-centenaire\/#primaryimage"},"thumbnailUrl":"https:\/\/www.hotelducentenaire.fr\/wp-content\/uploads\/2022\/07\/resto3.jpg","datePublished":"2022-07-01T06:59:30+00:00","dateModified":"2026-04-25T18:38:14+00:00","description":"Enjoy a unique epicurean experience at the Table du Centenaire gourmet restaurant Les Eyzies in the P\u00e9rigord - Chef Mathieu M\u00e9tifet","breadcrumb":{"@id":"https:\/\/www.hotelducentenaire.fr\/en\/la-table-du-centenaire\/#breadcrumb"},"inLanguage":"en-US","potentialAction":[{"@type":"ReadAction","target":["https:\/\/www.hotelducentenaire.fr\/en\/la-table-du-centenaire\/"]}]},{"@type":"ImageObject","inLanguage":"en-US","@id":"https:\/\/www.hotelducentenaire.fr\/en\/la-table-du-centenaire\/#primaryimage","url":"https:\/\/www.hotelducentenaire.fr\/wp-content\/uploads\/2022\/07\/resto3.jpg","contentUrl":"https:\/\/www.hotelducentenaire.fr\/wp-content\/uploads\/2022\/07\/resto3.jpg","width":800,"height":550,"caption":"La Table Du Centenaire r\u00e9f\u00e9renc\u00e9 au Guide MICHELIN France 2023"},{"@type":"BreadcrumbList","@id":"https:\/\/www.hotelducentenaire.fr\/en\/la-table-du-centenaire\/#breadcrumb","itemListElement":[{"@type":"ListItem","position":1,"name":"Accueil","item":"https:\/\/www.hotelducentenaire.fr\/en\/"},{"@type":"ListItem","position":2,"name":"La Table du Centenaire"}]},{"@type":"WebSite","@id":"https:\/\/www.hotelducentenaire.fr\/#website","url":"https:\/\/www.hotelducentenaire.fr\/","name":"H\u00f4tel du Centenaire","description":"H\u00f4tel \u2605\u2605\u2605\u2605 Restaurant Les-Eyzies-de-Tayac Dordogne \u2013 05 53 06 68 68","potentialAction":[{"@type":"SearchAction","target":{"@type":"EntryPoint","urlTemplate":"https:\/\/www.hotelducentenaire.fr\/?s={search_term_string}"},"query-input":{"@type":"PropertyValueSpecification","valueRequired":true,"valueName":"search_term_string"}}],"inLanguage":"en-US"}]}},"_links":{"self":[{"href":"https:\/\/www.hotelducentenaire.fr\/en\/wp-json\/wp\/v2\/pages\/1183","targetHints":{"allow":["GET"]}}],"collection":[{"href":"https:\/\/www.hotelducentenaire.fr\/en\/wp-json\/wp\/v2\/pages"}],"about":[{"href":"https:\/\/www.hotelducentenaire.fr\/en\/wp-json\/wp\/v2\/types\/page"}],"author":[{"embeddable":true,"href":"https:\/\/www.hotelducentenaire.fr\/en\/wp-json\/wp\/v2\/users\/1"}],"replies":[{"embeddable":true,"href":"https:\/\/www.hotelducentenaire.fr\/en\/wp-json\/wp\/v2\/comments?post=1183"}],"version-history":[{"count":86,"href":"https:\/\/www.hotelducentenaire.fr\/en\/wp-json\/wp\/v2\/pages\/1183\/revisions"}],"predecessor-version":[{"id":5269,"href":"https:\/\/www.hotelducentenaire.fr\/en\/wp-json\/wp\/v2\/pages\/1183\/revisions\/5269"}],"wp:featuredmedia":[{"embeddable":true,"href":"https:\/\/www.hotelducentenaire.fr\/en\/wp-json\/wp\/v2\/media\/1136"}],"wp:attachment":[{"href":"https:\/\/www.hotelducentenaire.fr\/en\/wp-json\/wp\/v2\/media?parent=1183"}],"curies":[{"name":"wp","href":"https:\/\/api.w.org\/{rel}","templated":true}]}}