{"id":1186,"date":"2022-07-01T09:15:32","date_gmt":"2022-07-01T07:15:32","guid":{"rendered":"https:\/\/www.hotelducentenaire.fr\/new\/nos-fournisseurs\/"},"modified":"2025-11-10T11:02:44","modified_gmt":"2025-11-10T10:02:44","slug":"our-suppliers","status":"publish","type":"page","link":"https:\/\/www.hotelducentenaire.fr\/en\/our-suppliers\/","title":{"rendered":"Our suppliers"},"content":{"rendered":"[vc_row curly_padding=&#8221;content-padding-none&#8221;][vc_column]\n\t\t\t<!-- START fournisseurs 1 REVOLUTION SLIDER 6.7.31 --><p class=\"rs-p-wp-fix\"><\/p>\n\t\t\t<rs-module-wrap id=\"rev_slider_25_1_wrapper\" data-source=\"gallery\" style=\"visibility:hidden;background:transparent;padding:0;margin:0px auto;margin-top:0;margin-bottom:0;\">\n\t\t\t\t<rs-module id=\"rev_slider_25_1\" style=\"\" data-version=\"6.7.31\">\n\t\t\t\t\t<rs-slides style=\"overflow: hidden; position: absolute;\">\n\t\t\t\t\t\t<rs-slide style=\"position: absolute;\" data-key=\"rs-41\" data-title=\"Slide\" data-anim=\"ms:1000;r:0;\" data-in=\"o:0;\" data-out=\"a:false;\">\n\t\t\t\t\t\t\t<img decoding=\"async\" src=\"\/\/www.hotelducentenaire.fr\/wp-content\/plugins\/revslider\/sr6\/assets\/assets\/dummy.png\" alt=\"Restaurant La Table du Centenaire Les Eyzies Dordogne\" title=\"Restaurant La Table du Centenaire Les Eyzies Dordogne\" width=\"1800\" height=\"467\" class=\"rev-slidebg tp-rs-img rs-lazyload\" data-lazyload=\"\/\/www.hotelducentenaire.fr\/wp-content\/uploads\/2022\/07\/plat-panoramique-01.jpg\" data-no-retina>\n<!--\n\t\t\t\t\t\t\t--><rs-layer\n\t\t\t\t\t\t\t\tid=\"slider-25-slide-41-layer-0\" \n\t\t\t\t\t\t\t\tdata-type=\"text\"\n\t\t\t\t\t\t\t\tdata-color=\"#ffffff\"\n\t\t\t\t\t\t\t\tdata-tsh=\"c:rgba(0,0,0,0.73);h:2px;v:1px;b:5px;\"\n\t\t\t\t\t\t\t\tdata-rsp_ch=\"on\"\n\t\t\t\t\t\t\t\tdata-xy=\"x:c;y:181px;\"\n\t\t\t\t\t\t\t\tdata-text=\"w:normal;s:57;l:24;\"\n\t\t\t\t\t\t\t\tdata-frame_1=\"e:power4.inOut;st:130;sp:1500;\"\n\t\t\t\t\t\t\t\tdata-frame_999=\"o:0;st:w;sR:8300;\"\n\t\t\t\t\t\t\t\tstyle=\"z-index:5;font-family:'Crimson Text';text-transform:uppercase;\"\n\t\t\t\t\t\t\t>Our suppliers \n\t\t\t\t\t\t\t<\/rs-layer><!--\n\n\t\t\t\t\t\t\t--><rs-layer\n\t\t\t\t\t\t\t\tid=\"slider-25-slide-41-layer-2\" \n\t\t\t\t\t\t\t\tdata-type=\"image\"\n\t\t\t\t\t\t\t\tdata-rsp_ch=\"on\"\n\t\t\t\t\t\t\t\tdata-xy=\"x:c;xo:23px;y:b;yo:-4px;\"\n\t\t\t\t\t\t\t\tdata-text=\"w:normal;\"\n\t\t\t\t\t\t\t\tdata-dim=\"w:2000px;h:67px;\"\n\t\t\t\t\t\t\t\tdata-frame_999=\"o:0;st:w;\"\n\t\t\t\t\t\t\t\tstyle=\"z-index:7;\"\n\t\t\t\t\t\t\t><img decoding=\"async\" src=\"\/\/www.hotelducentenaire.fr\/wp-content\/plugins\/revslider\/sr6\/assets\/assets\/dummy.png\" alt=\"\" class=\"tp-rs-img rs-lazyload\" width=\"1741\" height=\"58\" data-lazyload=\"\" data-no-retina> \n\t\t\t\t\t\t\t<\/rs-layer><!--\n-->\t\t\t\t\t<\/rs-slide>\n\t\t\t\t\t<\/rs-slides>\n\t\t\t\t<\/rs-module>\n\t\t\t\t<script>\n\t\t\t\t\tsetREVStartSize({c: 'rev_slider_25_1',rl:[1240,1024,778,480],el:[420],gw:[1800],gh:[420],type:'standard',justify:'',layout:'fullwidth',mh:\"0\"});if (window.RS_MODULES!==undefined && window.RS_MODULES.modules!==undefined && window.RS_MODULES.modules[\"revslider251\"]!==undefined) {window.RS_MODULES.modules[\"revslider251\"].once = false;window.revapi25 = undefined;if (window.RS_MODULES.checkMinimal!==undefined) window.RS_MODULES.checkMinimal()}\n\t\t\t\t<\/script>\n\t\t\t<\/rs-module-wrap>\n\t\t\t<!-- END REVOLUTION SLIDER -->\n[\/vc_column][\/vc_row][vc_row][vc_column][vc_column_text]\n<h2 style=\"text-align: center;\">The choice of quality products favored by the short circuit is important to the Chef in his kitchen. He goes to the markets every week.<\/h2>\n[\/vc_column_text][\/vc_column][\/vc_row][vc_row][vc_column width=&#8221;1\/3&#8243;][vc_column_text]\n<h3 style=\"text-align: center;\">Tea &amp; coffee<\/h3>\n[\/vc_column_text][vc_single_image image=&#8221;1582&#8243; img_size=&#8221;full&#8221;][vc_column_text]<strong>Our Selection of Organic Teas and Coffees<\/strong><\/p>\n<p>Our restaurants feature herbal infusions crafted directly from the Chef\u2019s garden, including <strong>fresh mint and chamomile<\/strong>. Throughout our menu, we offer exceptional <strong>organic teas and coffees<\/strong>, sourced in partnership with <strong>KANOVERA<\/strong>.<\/p>\n<p>You will also have the pleasure of tasting <strong>French selections<\/strong>, including <strong>Labyrinthe en Champ teas<\/strong> and the renowned <strong>Bourbon Pointu coffee<\/strong>.<\/p>\n<p><a style=\"font-size: 1.6rem;\" href=\"http:\/\/www.kanovera.fr\/\" target=\"_blank\" rel=\"noopener\">Kanovera<\/a><\/p>\n<p><a href=\"https:\/\/enchampthe.com\/\" target=\"_blank\" rel=\"noopener\"><i class=\"fa fa-circle-right\"><\/i> En Champ Th\u00e9<\/a>[\/vc_column_text][\/vc_column][vc_column width=&#8221;1\/3&#8243;][vc_column_text]\n<h3 style=\"text-align: center;\">Wine<\/h3>\n[\/vc_column_text][vc_single_image image=&#8221;1584&#8243; img_size=&#8221;full&#8221;][vc_column_text]<strong>Our Selection of Bergerac Wines<\/strong><\/p>\n<p>Our wine list showcases the finest wines from our region, inviting you to discover exceptional selections from renowned estates, including:<\/p>\n<p><a href=\"https:\/\/www.chateautourdesgendres.com\/\" target=\"_blank\" rel=\"noopener\"><i class=\"fa fa-circle-right\"><\/i> Ch\u00e2teau Tour des Gendres<\/a><br \/>\n<a href=\"https:\/\/www.boutique-monbazillac.com\/\" target=\"_blank\" rel=\"noopener\"><i class=\"fa fa-circle-right\"><\/i> Domaine du Haut Montlong<\/a><br \/>\n<a href=\"https:\/\/www.domainealbertdeconti.com\/fr\/\" target=\"_blank\" rel=\"noopener\"><i class=\"fa fa-circle-right\"><\/i> Domaine Albert de Conti<\/a><br \/>\n<a href=\"https:\/\/www.poulvere.com\/\" target=\"_blank\" rel=\"noopener\"><i class=\"fa fa-circle-right\"><\/i> Ch\u00e2teau Poulv\u00e8re<\/a><br \/>\n<a href=\"https:\/\/domaines-monbouche.com\/\" target=\"_blank\" rel=\"noopener\"><i class=\"fa fa-circle-right\"><\/i> Domaine Monbouch\u00e9<\/a><\/p>\n<p>Each of these wineries reflects the rich terroir and winemaking heritage of Bergerac.[\/vc_column_text][\/vc_column][vc_column width=&#8221;1\/3&#8243;][vc_column_text]\n<h3 style=\"text-align: center;\">Cheeses<\/h3>\n[\/vc_column_text][vc_single_image image=&#8221;1586&#8243; img_size=&#8221;full&#8221;][vc_column_text]<strong>Our Exceptional Cheeses<\/strong><\/p>\n<p>Whether from our <strong>cheese trolley at La Table du Centenaire<\/strong> or during a <strong>dinner at Le Bistro du Centenaire<\/strong>, you will have the opportunity to discover the exquisite cheeses of <strong>Les Croquants<\/strong>. Dedicated to preserving <strong>local and artisanal production<\/strong>, they take a meticulous approach to their craft\u2014constantly refining and enhancing their cheeses, much like the art of winemaking.[\/vc_column_text][\/vc_column][\/vc_row][vc_row][vc_column width=&#8221;1\/3&#8243;][vc_column_text]\n<h3 style=\"text-align: center;\">Caviar<\/h3>\n[\/vc_column_text][vc_single_image image=&#8221;1592&#8243; img_size=&#8221;full&#8221;][vc_column_text]\n<p style=\"text-align: justify;\"><strong>Caviar de Neuvic<\/strong><\/p>\n<p style=\"text-align: justify;\">Our caviar supplier, is Based in Neuvic in Dordogne.<br \/>\nIn addition to tasting these in our restaurants\u2019 dishes, you can also visit the aquaculture farm upon reservation.<br \/>\nFor this, you can ask the hotel\u2019s reception team.<\/p>\n<p><a href=\"https:\/\/www.caviar-perle-noire.com\/fr\/\" target=\"_blank\" rel=\"noopener\"><i class=\"fa fa-circle-right\"><\/i> Caviar de Neuvic<\/a>[\/vc_column_text][\/vc_column][vc_column width=&#8221;1\/3&#8243;][vc_column_text]\n<h3 style=\"text-align: center;\">Geese<\/h3>\n[\/vc_column_text][vc_single_image image=&#8221;1594&#8243; img_size=&#8221;full&#8221;][vc_column_text]\n<p style=\"text-align: justify;\"><strong>Mr Carbonni\u00e8re\u2019s goose farm<\/strong><\/p>\n<p style=\"text-align: justify;\">Mr Carbonni\u00e8re was one of the first people Mathieu M\u00e9tifet met when he arrived at Le Centenaire.<br \/>\nHe immediately won us over with his knowledge and commitment.<br \/>\nAll the geese are raised and force-fed on the farm. Depending on the season, you can taste goose breast at La Table du Centenaire.<br \/>\nIt is also possible to visit this family farm, located only a few kilometres from the hotel.<\/p>\n<p><a href=\"https:\/\/www.elevagedesgranges.com\/index.php\" target=\"_blank\" rel=\"noopener\"><i class=\"fa fa-circle-right\"><\/i> Elevages des Granges<\/a>[\/vc_column_text][\/vc_column][vc_column width=&#8221;1\/3&#8243;][vc_column_text]\n<h3 style=\"text-align: center;\">Oysters<\/h3>\n[\/vc_column_text][vc_single_image image=&#8221;1588&#8243; img_size=&#8221;full&#8221;][vc_column_text]<strong>Chlo\u00e9 and Yoan\u2019s Oysters from Cap Ferret<\/strong><\/p>\n<p>located in the <strong>protected waters of the Bassin d\u2019Arcachon<\/strong>, <strong>La Kabane<\/strong> is run by oyster farmers <strong>Chlo\u00e9 and Yoan<\/strong>, who are dedicated to producing oysters of exceptional quality. You will have the pleasure of savoring their finest selections at <b>Le Bistro du Centenaire<\/b>.<\/p>\n<p><a href=\"https:\/\/www.lakabane-huitres.fr\/\" target=\"_blank\" rel=\"noopener\"><i class=\"fa fa-circle-right\"><\/i> La Kabane Huitres<\/a>[\/vc_column_text][\/vc_column][\/vc_row][vc_row][vc_column][vc_column_text]\n<p style=\"text-align: center;\"><a href=\"http:\/\/www.kanovera.fr\/\" target=\"_blank\" rel=\"noopener\"><img loading=\"lazy\" decoding=\"async\" class=\"alignnone wp-image-210\" src=\"https:\/\/www.hotelducentenaire.fr\/wp-content\/uploads\/2022\/07\/kanovera.png\" alt=\"\" width=\"96\" height=\"102\" \/><\/a> \u00a0 <a href=\"https:\/\/enchampthe.com\/\" target=\"_blank\" rel=\"noopener\"><img loading=\"lazy\" decoding=\"async\" class=\"alignnone wp-image-209\" src=\"https:\/\/www.hotelducentenaire.fr\/wp-content\/uploads\/2022\/07\/labyrintheenchampthe.png\" alt=\"\" width=\"138\" height=\"90\" \/><\/a><a href=\"https:\/\/www.chateautourdesgendres.com\/\" target=\"_blank\" rel=\"noopener\"><img loading=\"lazy\" decoding=\"async\" class=\"alignnone wp-image-212\" src=\"https:\/\/www.hotelducentenaire.fr\/wp-content\/uploads\/2022\/07\/tourdesgendres.png\" alt=\"\" width=\"91\" height=\"102\" \/><\/a><a href=\"https:\/\/www.lakabane-huitres.fr\/\"><img loading=\"lazy\" decoding=\"async\" class=\"alignnone wp-image-213\" src=\"https:\/\/www.hotelducentenaire.fr\/wp-content\/uploads\/2022\/07\/lakabaneahuitres.png\" alt=\"\" width=\"170\" height=\"102\" \/><\/a><img loading=\"lazy\" decoding=\"async\" class=\"alignnone wp-image-214\" src=\"https:\/\/www.hotelducentenaire.fr\/wp-content\/uploads\/2022\/07\/fermedelabrunie.png\" alt=\"\" width=\"164\" height=\"102\" \/><a href=\"https:\/\/www.caviar-perle-noire.com\/fr\/\" target=\"_blank\" rel=\"noopener\"><img loading=\"lazy\" decoding=\"async\" class=\"alignnone wp-image-215\" src=\"https:\/\/www.hotelducentenaire.fr\/wp-content\/uploads\/2022\/07\/caviarperlenoire.png\" alt=\"\" width=\"123\" height=\"102\" \/><\/a><a href=\"https:\/\/www.elevagedesgranges.com\/index.php\"><img loading=\"lazy\" decoding=\"async\" class=\"alignnone wp-image-216\" src=\"https:\/\/www.hotelducentenaire.fr\/wp-content\/uploads\/2022\/07\/elevagedesgranges.png\" alt=\"\" width=\"85\" height=\"102\" \/><\/a><\/p>\n[\/vc_column_text][\/vc_column][\/vc_row]\n","protected":false},"excerpt":{"rendered":"<p>[vc_row curly_padding=&#8221;content-padding-none&#8221;][vc_column][\/vc_column][\/vc_row][vc_row][vc_column][vc_column_text] The choice of quality products favored by the [&hellip;]<\/p>\n","protected":false},"author":1,"featured_media":1135,"parent":0,"menu_order":0,"comment_status":"closed","ping_status":"closed","template":"","meta":{"footnotes":""},"class_list":["post-1186","page","type-page","status-publish","has-post-thumbnail","hentry"],"yoast_head":"<!-- This site is optimized with the Yoast SEO plugin v26.3 - https:\/\/yoast.com\/wordpress\/plugins\/seo\/ -->\n<title>Our suppliers Hotel**** and restaurant Le Centenaire Les Eyzies<\/title>\n<meta name=\"description\" content=\"Our suppliers a choice of quality products favored by the short circuit. Restaurant and hotel Le Centenaire - Les Eyzies P\u00e9rigord Noir\" \/>\n<meta name=\"robots\" content=\"index, follow, max-snippet:-1, max-image-preview:large, max-video-preview:-1\" \/>\n<link rel=\"canonical\" href=\"https:\/\/www.hotelducentenaire.fr\/en\/our-suppliers\/\" \/>\n<meta property=\"og:locale\" content=\"en_US\" \/>\n<meta property=\"og:type\" content=\"article\" \/>\n<meta property=\"og:title\" content=\"Our suppliers Hotel**** and restaurant Le Centenaire Les Eyzies\" \/>\n<meta property=\"og:description\" content=\"Our suppliers a choice of quality products favored by the short circuit. Restaurant and hotel Le Centenaire - Les Eyzies P\u00e9rigord Noir\" \/>\n<meta property=\"og:url\" content=\"https:\/\/www.hotelducentenaire.fr\/en\/our-suppliers\/\" \/>\n<meta property=\"og:site_name\" content=\"H\u00f4tel du Centenaire\" \/>\n<meta property=\"article:modified_time\" content=\"2025-11-10T10:02:44+00:00\" \/>\n<meta property=\"og:image\" content=\"https:\/\/www.hotelducentenaire.fr\/wp-content\/uploads\/2022\/07\/resto2.jpg\" \/>\n\t<meta property=\"og:image:width\" content=\"800\" \/>\n\t<meta property=\"og:image:height\" content=\"550\" \/>\n\t<meta property=\"og:image:type\" content=\"image\/jpeg\" \/>\n<meta name=\"twitter:card\" content=\"summary_large_image\" \/>\n<meta name=\"twitter:label1\" content=\"Est. reading time\" \/>\n\t<meta name=\"twitter:data1\" content=\"4 minutes\" \/>\n<script type=\"application\/ld+json\" class=\"yoast-schema-graph\">{\"@context\":\"https:\/\/schema.org\",\"@graph\":[{\"@type\":\"WebPage\",\"@id\":\"https:\/\/www.hotelducentenaire.fr\/en\/our-suppliers\/\",\"url\":\"https:\/\/www.hotelducentenaire.fr\/en\/our-suppliers\/\",\"name\":\"Our suppliers Hotel**** and restaurant Le Centenaire Les Eyzies\",\"isPartOf\":{\"@id\":\"https:\/\/www.hotelducentenaire.fr\/#website\"},\"primaryImageOfPage\":{\"@id\":\"https:\/\/www.hotelducentenaire.fr\/en\/our-suppliers\/#primaryimage\"},\"image\":{\"@id\":\"https:\/\/www.hotelducentenaire.fr\/en\/our-suppliers\/#primaryimage\"},\"thumbnailUrl\":\"https:\/\/www.hotelducentenaire.fr\/wp-content\/uploads\/2022\/07\/resto2.jpg\",\"datePublished\":\"2022-07-01T07:15:32+00:00\",\"dateModified\":\"2025-11-10T10:02:44+00:00\",\"description\":\"Our suppliers a choice of quality products favored by the short circuit. Restaurant and hotel Le Centenaire - Les Eyzies P\u00e9rigord Noir\",\"breadcrumb\":{\"@id\":\"https:\/\/www.hotelducentenaire.fr\/en\/our-suppliers\/#breadcrumb\"},\"inLanguage\":\"en-US\",\"potentialAction\":[{\"@type\":\"ReadAction\",\"target\":[\"https:\/\/www.hotelducentenaire.fr\/en\/our-suppliers\/\"]}]},{\"@type\":\"ImageObject\",\"inLanguage\":\"en-US\",\"@id\":\"https:\/\/www.hotelducentenaire.fr\/en\/our-suppliers\/#primaryimage\",\"url\":\"https:\/\/www.hotelducentenaire.fr\/wp-content\/uploads\/2022\/07\/resto2.jpg\",\"contentUrl\":\"https:\/\/www.hotelducentenaire.fr\/wp-content\/uploads\/2022\/07\/resto2.jpg\",\"width\":800,\"height\":550,\"caption\":\"La Table Du Centenaire r\u00e9f\u00e9renc\u00e9 au Guide MICHELIN France 2023\"},{\"@type\":\"BreadcrumbList\",\"@id\":\"https:\/\/www.hotelducentenaire.fr\/en\/our-suppliers\/#breadcrumb\",\"itemListElement\":[{\"@type\":\"ListItem\",\"position\":1,\"name\":\"Accueil\",\"item\":\"https:\/\/www.hotelducentenaire.fr\/en\/\"},{\"@type\":\"ListItem\",\"position\":2,\"name\":\"Our suppliers\"}]},{\"@type\":\"WebSite\",\"@id\":\"https:\/\/www.hotelducentenaire.fr\/#website\",\"url\":\"https:\/\/www.hotelducentenaire.fr\/\",\"name\":\"H\u00f4tel du Centenaire\",\"description\":\"H\u00f4tel \u2605\u2605\u2605\u2605 Restaurant Les-Eyzies-de-Tayac Dordogne \u2013 05 53 06 68 68\",\"potentialAction\":[{\"@type\":\"SearchAction\",\"target\":{\"@type\":\"EntryPoint\",\"urlTemplate\":\"https:\/\/www.hotelducentenaire.fr\/?s={search_term_string}\"},\"query-input\":{\"@type\":\"PropertyValueSpecification\",\"valueRequired\":true,\"valueName\":\"search_term_string\"}}],\"inLanguage\":\"en-US\"}]}<\/script>\n<!-- \/ Yoast SEO plugin. -->","yoast_head_json":{"title":"Our suppliers Hotel**** and restaurant Le Centenaire Les Eyzies","description":"Our suppliers a choice of quality products favored by the short circuit. Restaurant and hotel Le Centenaire - Les Eyzies P\u00e9rigord Noir","robots":{"index":"index","follow":"follow","max-snippet":"max-snippet:-1","max-image-preview":"max-image-preview:large","max-video-preview":"max-video-preview:-1"},"canonical":"https:\/\/www.hotelducentenaire.fr\/en\/our-suppliers\/","og_locale":"en_US","og_type":"article","og_title":"Our suppliers Hotel**** and restaurant Le Centenaire Les Eyzies","og_description":"Our suppliers a choice of quality products favored by the short circuit. Restaurant and hotel Le Centenaire - Les Eyzies P\u00e9rigord Noir","og_url":"https:\/\/www.hotelducentenaire.fr\/en\/our-suppliers\/","og_site_name":"H\u00f4tel du Centenaire","article_modified_time":"2025-11-10T10:02:44+00:00","og_image":[{"width":800,"height":550,"url":"https:\/\/www.hotelducentenaire.fr\/wp-content\/uploads\/2022\/07\/resto2.jpg","type":"image\/jpeg"}],"twitter_card":"summary_large_image","twitter_misc":{"Est. reading time":"4 minutes"},"schema":{"@context":"https:\/\/schema.org","@graph":[{"@type":"WebPage","@id":"https:\/\/www.hotelducentenaire.fr\/en\/our-suppliers\/","url":"https:\/\/www.hotelducentenaire.fr\/en\/our-suppliers\/","name":"Our suppliers Hotel**** and restaurant Le Centenaire Les Eyzies","isPartOf":{"@id":"https:\/\/www.hotelducentenaire.fr\/#website"},"primaryImageOfPage":{"@id":"https:\/\/www.hotelducentenaire.fr\/en\/our-suppliers\/#primaryimage"},"image":{"@id":"https:\/\/www.hotelducentenaire.fr\/en\/our-suppliers\/#primaryimage"},"thumbnailUrl":"https:\/\/www.hotelducentenaire.fr\/wp-content\/uploads\/2022\/07\/resto2.jpg","datePublished":"2022-07-01T07:15:32+00:00","dateModified":"2025-11-10T10:02:44+00:00","description":"Our suppliers a choice of quality products favored by the short circuit. Restaurant and hotel Le Centenaire - Les Eyzies P\u00e9rigord Noir","breadcrumb":{"@id":"https:\/\/www.hotelducentenaire.fr\/en\/our-suppliers\/#breadcrumb"},"inLanguage":"en-US","potentialAction":[{"@type":"ReadAction","target":["https:\/\/www.hotelducentenaire.fr\/en\/our-suppliers\/"]}]},{"@type":"ImageObject","inLanguage":"en-US","@id":"https:\/\/www.hotelducentenaire.fr\/en\/our-suppliers\/#primaryimage","url":"https:\/\/www.hotelducentenaire.fr\/wp-content\/uploads\/2022\/07\/resto2.jpg","contentUrl":"https:\/\/www.hotelducentenaire.fr\/wp-content\/uploads\/2022\/07\/resto2.jpg","width":800,"height":550,"caption":"La Table Du Centenaire r\u00e9f\u00e9renc\u00e9 au Guide MICHELIN France 2023"},{"@type":"BreadcrumbList","@id":"https:\/\/www.hotelducentenaire.fr\/en\/our-suppliers\/#breadcrumb","itemListElement":[{"@type":"ListItem","position":1,"name":"Accueil","item":"https:\/\/www.hotelducentenaire.fr\/en\/"},{"@type":"ListItem","position":2,"name":"Our suppliers"}]},{"@type":"WebSite","@id":"https:\/\/www.hotelducentenaire.fr\/#website","url":"https:\/\/www.hotelducentenaire.fr\/","name":"H\u00f4tel du Centenaire","description":"H\u00f4tel \u2605\u2605\u2605\u2605 Restaurant Les-Eyzies-de-Tayac Dordogne \u2013 05 53 06 68 68","potentialAction":[{"@type":"SearchAction","target":{"@type":"EntryPoint","urlTemplate":"https:\/\/www.hotelducentenaire.fr\/?s={search_term_string}"},"query-input":{"@type":"PropertyValueSpecification","valueRequired":true,"valueName":"search_term_string"}}],"inLanguage":"en-US"}]}},"_links":{"self":[{"href":"https:\/\/www.hotelducentenaire.fr\/en\/wp-json\/wp\/v2\/pages\/1186","targetHints":{"allow":["GET"]}}],"collection":[{"href":"https:\/\/www.hotelducentenaire.fr\/en\/wp-json\/wp\/v2\/pages"}],"about":[{"href":"https:\/\/www.hotelducentenaire.fr\/en\/wp-json\/wp\/v2\/types\/page"}],"author":[{"embeddable":true,"href":"https:\/\/www.hotelducentenaire.fr\/en\/wp-json\/wp\/v2\/users\/1"}],"replies":[{"embeddable":true,"href":"https:\/\/www.hotelducentenaire.fr\/en\/wp-json\/wp\/v2\/comments?post=1186"}],"version-history":[{"count":17,"href":"https:\/\/www.hotelducentenaire.fr\/en\/wp-json\/wp\/v2\/pages\/1186\/revisions"}],"predecessor-version":[{"id":5007,"href":"https:\/\/www.hotelducentenaire.fr\/en\/wp-json\/wp\/v2\/pages\/1186\/revisions\/5007"}],"wp:featuredmedia":[{"embeddable":true,"href":"https:\/\/www.hotelducentenaire.fr\/en\/wp-json\/wp\/v2\/media\/1135"}],"wp:attachment":[{"href":"https:\/\/www.hotelducentenaire.fr\/en\/wp-json\/wp\/v2\/media?parent=1186"}],"curies":[{"name":"wp","href":"https:\/\/api.w.org\/{rel}","templated":true}]}}