{"id":1189,"date":"2022-06-30T10:37:59","date_gmt":"2022-06-30T08:37:59","guid":{"rendered":"https:\/\/www.hotelducentenaire.fr\/new\/contact\/"},"modified":"2025-11-10T11:03:30","modified_gmt":"2025-11-10T10:03:30","slug":"contact","status":"publish","type":"page","link":"https:\/\/www.hotelducentenaire.fr\/en\/contact\/","title":{"rendered":"Contact"},"content":{"rendered":"[vc_row curly_padding=&#8221;content-padding-none&#8221;][vc_column]\n\t\t\t<!-- START contgb REVOLUTION SLIDER 6.7.31 --><p class=\"rs-p-wp-fix\"><\/p>\n\t\t\t<rs-module-wrap id=\"rev_slider_17_1_wrapper\" data-source=\"gallery\" style=\"visibility:hidden;background:transparent;padding:0;margin:0px auto;margin-top:0;margin-bottom:0;\">\n\t\t\t\t<rs-module id=\"rev_slider_17_1\" style=\"\" data-version=\"6.7.31\">\n\t\t\t\t\t<rs-slides style=\"overflow: hidden; position: absolute;\">\n\t\t\t\t\t\t<rs-slide style=\"position: absolute;\" data-key=\"rs-25\" data-title=\"Slide\" data-anim=\"ms:1000;r:0;\" data-in=\"o:0;\" data-out=\"a:false;\">\n\t\t\t\t\t\t\t<img decoding=\"async\" src=\"\/\/www.hotelducentenaire.fr\/wp-content\/plugins\/revslider\/sr6\/assets\/assets\/dummy.png\" alt=\"piscine H\u00f4tel du Centenaire Les Eyzies Dordogne\" title=\"contact\" width=\"1800\" height=\"450\" class=\"rev-slidebg tp-rs-img rs-lazyload\" data-lazyload=\"\/\/www.hotelducentenaire.fr\/wp-content\/uploads\/2022\/07\/contact.jpg\" data-no-retina>\n<!--\n\t\t\t\t\t\t\t--><rs-layer\n\t\t\t\t\t\t\t\tid=\"slider-17-slide-25-layer-0\" \n\t\t\t\t\t\t\t\tdata-type=\"text\"\n\t\t\t\t\t\t\t\tdata-color=\"#ffffff\"\n\t\t\t\t\t\t\t\tdata-tsh=\"c:rgba(0,0,0,0.73);h:2px;v:1px;b:5px;\"\n\t\t\t\t\t\t\t\tdata-rsp_ch=\"on\"\n\t\t\t\t\t\t\t\tdata-xy=\"x:c;y:181px;\"\n\t\t\t\t\t\t\t\tdata-text=\"w:normal;s:57;l:24;\"\n\t\t\t\t\t\t\t\tdata-frame_1=\"e:power4.inOut;st:130;sp:1500;\"\n\t\t\t\t\t\t\t\tdata-frame_999=\"o:0;st:w;sR:8300;\"\n\t\t\t\t\t\t\t\tstyle=\"z-index:5;font-family:'Crimson Text';text-transform:uppercase;\"\n\t\t\t\t\t\t\t>Contact & access \n\t\t\t\t\t\t\t<\/rs-layer><!--\n\n\t\t\t\t\t\t\t--><rs-layer\n\t\t\t\t\t\t\t\tid=\"slider-17-slide-25-layer-2\" \n\t\t\t\t\t\t\t\tdata-type=\"image\"\n\t\t\t\t\t\t\t\tdata-rsp_ch=\"on\"\n\t\t\t\t\t\t\t\tdata-xy=\"x:c;xo:23px;y:b;yo:-4px;\"\n\t\t\t\t\t\t\t\tdata-text=\"w:normal;\"\n\t\t\t\t\t\t\t\tdata-dim=\"w:2000px;h:67px;\"\n\t\t\t\t\t\t\t\tdata-frame_999=\"o:0;st:w;\"\n\t\t\t\t\t\t\t\tstyle=\"z-index:7;\"\n\t\t\t\t\t\t\t><img decoding=\"async\" src=\"\/\/www.hotelducentenaire.fr\/wp-content\/plugins\/revslider\/sr6\/assets\/assets\/dummy.png\" alt=\"\" class=\"tp-rs-img rs-lazyload\" width=\"1741\" height=\"58\" data-lazyload=\"\" data-no-retina> \n\t\t\t\t\t\t\t<\/rs-layer><!--\n-->\t\t\t\t\t<\/rs-slide>\n\t\t\t\t\t<\/rs-slides>\n\t\t\t\t<\/rs-module>\n\t\t\t\t<script>\n\t\t\t\t\tsetREVStartSize({c: 'rev_slider_17_1',rl:[1240,1024,778,480],el:[420],gw:[1800],gh:[420],type:'standard',justify:'',layout:'fullwidth',mh:\"0\"});if (window.RS_MODULES!==undefined && window.RS_MODULES.modules!==undefined && window.RS_MODULES.modules[\"revslider171\"]!==undefined) {window.RS_MODULES.modules[\"revslider171\"].once = false;window.revapi17 = undefined;if (window.RS_MODULES.checkMinimal!==undefined) window.RS_MODULES.checkMinimal()}\n\t\t\t\t<\/script>\n\t\t\t<\/rs-module-wrap>\n\t\t\t<!-- END REVOLUTION SLIDER -->\n[\/vc_column][\/vc_row][vc_row][vc_column width=&#8221;1\/2&#8243;][vc_column_text]\n<h2 class=\"title\">LE CENTENAIRE H\u00d4TEL \u2605\u2605\u2605\u2605 RESTAURANT<\/h2>\n<h4><span class=\"w-contacts-item-value\">2 Avenue du Cingle, 24620 les Eyzies de Tayac Sireuil<\/span><\/h4>\n<h4><i class=\"fas fa-phone\"><\/i> <span style=\"color: #000000;\"><a style=\"color: #000000;\" href=\"tel:05 53066868\">05 53 06 68 68<\/a><\/span><br \/>\n<span style=\"color: #000000;\"><i class=\"far fa-envelope\"><\/i> <a style=\"color: #000000;\" href=\"mailto:contact@hotelducentenaire.fr\">contact@hotelducentenaire.fr<\/a><\/span><\/h4>\n[\/vc_column_text][vc_column_text]\n<h4><i class=\"fas fa-parking\"><\/i> We have a free and secure car park<\/h4>\n[\/vc_column_text][vc_single_image image=&#8221;1029&#8243; img_size=&#8221;full&#8221; onclick=&#8221;link_image&#8221;][vc_empty_space height=&#8221;20px&#8221;][vc_column_text]<a href=\"https:\/\/www.google.com\/search?q=restaurant+les+eyzies+le+centenaire+&amp;safe=active&amp;client=firefox-b-d&amp;sxsrf=ALeKk03k7QfnXhMvFSvIOltNP4L6C5Ppzw%3A1620391466319&amp;ei=KjaVYPL4EsLeapXqscgG&amp;oq=restaurant+les+eyzies+le+centenaire+&amp;gs_lcp=Cgdnd3Mtd2l6EAMyBggAEBYQHjIGCAAQFhAeMgYIABAWEB46BwgAEEcQsANQ5y1YzzpggDtoAnACeACAAfUBiAHXC5IBBjExLjIuMZgBAKABAaoBB2d3cy13aXrIAQjAAQE&amp;sclient=gws-wiz&amp;ved=0ahUKEwjytfzNzLfwAhVCrxoKHRV1DGkQ4dUDCA0&amp;uact=5\" target=\"_blank\" rel=\"noopener\"><i class=\"fa-brands fa-google\"><\/i> Google<\/a><br \/>\n<a href=\"https:\/\/www.facebook.com\/H%C3%B4tel-Restaurant-Le-Centenaire-396853787379363\" target=\"_blank\" rel=\"noopener\"><i class=\"fa-brands fa-facebook\"><\/i> Facebook<\/a><br \/>\n<a href=\"https:\/\/www.instagram.com\/le.centenaire\/\" target=\"_blank\" rel=\"noopener\"><i class=\"fa-brands fa-instagram\"><\/i> Instagram<\/a>[\/vc_column_text][\/vc_column][vc_column width=&#8221;1\/2&#8243;][vc_column_text]\n<h3>Contact form<\/h3>\n<p><strong>Have a Question or a Specific Project in Mind?<\/strong><\/p>\n<p>Use the <strong>contact form<\/strong> to send us an email, and we will get back to you as soon as possible![\/vc_column_text]\n<div class=\"wpcf7 no-js\" id=\"wpcf7-f1285-o1\" lang=\"fr-FR\" dir=\"ltr\" data-wpcf7-id=\"1285\">\n<div class=\"screen-reader-response\"><p role=\"status\" aria-live=\"polite\" aria-atomic=\"true\"><\/p> <ul><\/ul><\/div>\n<form action=\"\/en\/wp-json\/wp\/v2\/pages\/1189#wpcf7-f1285-o1\" method=\"post\" class=\"wpcf7-form init cf7skins cf7t-contact cf7s-cargo\" aria-label=\"Formulaire de contact\" novalidate=\"novalidate\" data-status=\"init\">\n<fieldset class=\"hidden-fields-container\"><input type=\"hidden\" name=\"_wpcf7\" value=\"1285\" \/><input type=\"hidden\" name=\"_wpcf7_version\" value=\"6.1.3\" \/><input type=\"hidden\" name=\"_wpcf7_locale\" value=\"fr_FR\" \/><input type=\"hidden\" name=\"_wpcf7_unit_tag\" value=\"wpcf7-f1285-o1\" \/><input type=\"hidden\" name=\"_wpcf7_container_post\" value=\"0\" \/><input type=\"hidden\" name=\"_wpcf7_posted_data_hash\" value=\"\" \/>\n<\/fieldset>\n<fieldset>\n\t<legend>Contact us\n\t<\/legend>\n\t<ol>\n\t\t<li>\n\t\t\t<p><label for=''>Your name <em class=\"cf7s-reqd\">*<\/em> <\/label><span class=\"wpcf7-form-control-wrap\" data-name=\"text-886\"><input size=\"40\" maxlength=\"400\" class=\"wpcf7-form-control wpcf7-text wpcf7-validates-as-required\" aria-required=\"true\" aria-invalid=\"false\" value=\"\" type=\"text\" name=\"text-886\" \/><\/span>\n\t\t\t<\/p>\n\t\t<\/li>\n\t\t<li>\n\t\t\t<p><label for=''>Your Email <em class=\"cf7s-reqd\">*<\/em> <\/label><span class=\"wpcf7-form-control-wrap\" data-name=\"email-382\"><input size=\"40\" maxlength=\"400\" class=\"wpcf7-form-control wpcf7-email wpcf7-validates-as-required wpcf7-text wpcf7-validates-as-email\" aria-required=\"true\" aria-invalid=\"false\" value=\"\" type=\"email\" name=\"email-382\" \/><\/span>\n\t\t\t<\/p>\n\t\t<\/li>\n\t\t<li>\n\t\t\t<p><label for=''>Your phone number* <\/label><span class=\"wpcf7-form-control-wrap\" data-name=\"tel-297\"><input size=\"40\" maxlength=\"400\" class=\"wpcf7-form-control wpcf7-tel wpcf7-text wpcf7-validates-as-tel\" aria-invalid=\"false\" value=\"\" type=\"tel\" name=\"tel-297\" \/><\/span>\n\t\t\t<\/p>\n\t\t<\/li>\n\t\t<li>\n\t\t\t<p><label for=''>Your message <\/label><span class=\"wpcf7-form-control-wrap\" data-name=\"textarea-389\"><textarea cols=\"40\" rows=\"10\" maxlength=\"2000\" class=\"wpcf7-form-control wpcf7-textarea\" aria-invalid=\"false\" name=\"textarea-389\"><\/textarea><\/span>\n\t\t\t<\/p>\n\t\t<\/li>\n\t<\/ol>\n\t<p><br \/>\n* Obligatory\n\t<\/p>\n\t<ol>\n\t\t<li>\n\t\t\t<p><label for=''> <\/label><span class=\"wpcf7-form-control-wrap\" data-name=\"checkbox-700\"><span class=\"wpcf7-form-control wpcf7-checkbox\"><span class=\"wpcf7-list-item first last\"><input type=\"checkbox\" name=\"checkbox-700[]\" value=\"By submitting this form, I agree that the information entered will be used as part of the request for quotation and the business relationship that may result.\" checked=\"checked\" \/><span class=\"wpcf7-list-item-label\">By submitting this form, I agree that the information entered will be used as part of the request for quotation and the business relationship that may result.<\/span><\/span><\/span><\/span>\n\t\t\t<\/p>\n\t\t<\/li>\n\t<\/ol>\n<\/fieldset>\n<p><input class=\"wpcf7-form-control wpcf7-submit has-spinner\" type=\"submit\" value=\"SEND\" \/>\n<\/p><p style=\"display: none !important;\" class=\"akismet-fields-container\" data-prefix=\"_wpcf7_ak_\"><label>&#916;<textarea name=\"_wpcf7_ak_hp_textarea\" cols=\"45\" rows=\"8\" maxlength=\"100\"><\/textarea><\/label><input type=\"hidden\" id=\"ak_js_1\" name=\"_wpcf7_ak_js\" value=\"108\"\/><script>document.getElementById( \"ak_js_1\" ).setAttribute( \"value\", ( new Date() ).getTime() );<\/script><\/p><div class=\"wpcf7-response-output\" aria-hidden=\"true\"><\/div>\n<\/form>\n<\/div>\n[vc_column_text]To know and exercise your rights, in particular to withdraw your consent to the use of the data collected by this form, please consult <a href=\"https:\/\/www.hotelducentenaire.fr\/politique-de-confidentialite-2\/\">our privacy policy and cookie management.<\/a>[\/vc_column_text][\/vc_column][\/vc_row][vc_row full_width=&#8221;stretch_row&#8221; curly_padding=&#8221;content-padding-none&#8221; css=&#8221;.vc_custom_1656581716739{background-color: #f2eee6 !important;}&#8221;][vc_column][vc_empty_space height=&#8221;15px&#8221;][vc_column_text]\n<h3 style=\"text-align: center;\"><i class=\"fa-solid fa-location-dot\"><\/i> How to find us?<\/h3>\n[\/vc_column_text][vc_empty_space height=&#8221;15px&#8221;][\/vc_column][vc_column width=&#8221;1\/3&#8243;][vc_column_text]\n<p style=\"text-align: center;\"><img loading=\"lazy\" decoding=\"async\" class=\"alignnone wp-image-647\" role=\"img\" src=\"https:\/\/www.hotelducentenaire.fr\/wp-content\/uploads\/2022\/07\/plane.svg\" alt=\"\" width=\"88\" height=\"74\" \/><\/p>\n[\/vc_column_text][vc_column_text]<a href=\"http:\/\/Site internet : www.bergerac.aeroport.fr\">A\u00e9roport de Bergerac<\/a> (Dordogne)<br \/>\nT\u00e9l\u00e9phone : 05.53.22.25.25<br \/>\nT\u00e9l\u00e9copie : 05.53.24.35.43<br \/>\nE-mail : aeroport-bergerac@dordogne.cci.fr<\/p>\n<p>\u2022 <a href=\"http:\/\/www.aeroport-brive-vallee-dordogne.com\">A\u00e9roport de Brive Vall\u00e9e de la Dordogne (Corr\u00e8ze)<\/a><br \/>\nT\u00e9l\u00e9phone : 05.55.22.40.00<br \/>\nE-mail : contact@aeroport-brive-vallee-dordogne.com<\/p>\n<p>\u2022 <a href=\"http:\/\/www.aeroport-perigueux.com\">A\u00e9roport de P\u00e9rigueux Bassillac (Dordogne)<\/a>[\/vc_column_text][vc_empty_space height=&#8221;15px&#8221;][\/vc_column][vc_column width=&#8221;1\/3&#8243;][vc_column_text]\n<p style=\"text-align: center;\"><img loading=\"lazy\" decoding=\"async\" class=\"alignnone wp-image-648\" role=\"img\" src=\"https:\/\/www.hotelducentenaire.fr\/wp-content\/uploads\/2022\/07\/car.svg\" alt=\"\" width=\"88\" height=\"74\" \/><\/p>\n[\/vc_column_text][vc_column_text]<strong>We have a free and secure car park<\/strong><br \/>\n\u2022 From Toulouse (A20): Exit 55 towards Souillac, or Exit 56 towards Gourdon<br \/>\n\u2022 From Clermont-Ferrand (A89, towards P\u00e9rigueux, Bordeaux): Exit D39 towards Mansac, Terrasson<br \/>\n\u2022 From Bordeaux (A89, direction P\u00e9rigueux, Lyon): Exit 16 towards P\u00e9rigueux-East, Les Eyzies, Tr\u00e9lissac, Boulazac[\/vc_column_text][vc_empty_space height=&#8221;15px&#8221;][\/vc_column][vc_column width=&#8221;1\/3&#8243;][vc_column_text]\n<p style=\"text-align: center;\"><img loading=\"lazy\" decoding=\"async\" class=\"alignnone wp-image-649\" role=\"img\" src=\"https:\/\/www.hotelducentenaire.fr\/wp-content\/uploads\/2022\/07\/train.svg\" alt=\"\" width=\"88\" height=\"74\" \/><\/p>\n[\/vc_column_text][vc_column_text]\u2022 From Bordeaux Gare Saint Jean: Gare de P\u00e9rigueux direction, then Gare Les Eyzies<br \/>\n\u2022 From Gare de Limoges B\u00e9n\u00e9dictins: Gare de P\u00e9rigueux direction, then Gare Les Eyzies[\/vc_column_text][vc_empty_space height=&#8221;15px&#8221;][\/vc_column][\/vc_row][vc_row full_width=&#8221;stretch_row_content&#8221; curly_padding=&#8221;content-padding-none&#8221;][vc_column][vc_column_text][wpgmza id=&#8221;1&#8243;][\/vc_column_text][\/vc_column][\/vc_row]\n","protected":false},"excerpt":{"rendered":"<p>[vc_row curly_padding=&#8221;content-padding-none&#8221;][vc_column][\/vc_column][\/vc_row][vc_row][vc_column width=&#8221;1\/2&#8243;][vc_column_text] LE CENTENAIRE H\u00d4TEL \u2605\u2605\u2605\u2605 RESTAURANT 2 Avenue [&hellip;]<\/p>\n","protected":false},"author":1,"featured_media":1050,"parent":0,"menu_order":0,"comment_status":"closed","ping_status":"closed","template":"","meta":{"footnotes":""},"class_list":["post-1189","page","type-page","status-publish","has-post-thumbnail","hentry"],"yoast_head":"<!-- This site is optimized with the Yoast SEO plugin v26.3 - https:\/\/yoast.com\/wordpress\/plugins\/seo\/ -->\n<title>Contact &amp; acces Hotel \u2605\u2605\u2605\u2605 restaurant Le Centenaire Les Eyzies<\/title>\n<meta name=\"description\" content=\"Contact LE CENTENAIRE H\u00d4TEL \u2605\u2605\u2605\u2605 RESTAURANT en P\u00e9rigord Noir , 2 Avenue du Cingle, 24620 les Eyzies de Tayac Sireuil 05 53 06 68 68\" \/>\n<meta name=\"robots\" content=\"index, follow, max-snippet:-1, max-image-preview:large, max-video-preview:-1\" \/>\n<link rel=\"canonical\" href=\"https:\/\/www.hotelducentenaire.fr\/en\/contact\/\" \/>\n<meta property=\"og:locale\" content=\"en_US\" \/>\n<meta property=\"og:type\" content=\"article\" \/>\n<meta property=\"og:title\" content=\"Contact &amp; acces Hotel \u2605\u2605\u2605\u2605 restaurant Le Centenaire Les Eyzies\" \/>\n<meta property=\"og:description\" content=\"Contact LE CENTENAIRE H\u00d4TEL \u2605\u2605\u2605\u2605 RESTAURANT en P\u00e9rigord Noir , 2 Avenue du Cingle, 24620 les Eyzies de Tayac Sireuil 05 53 06 68 68\" \/>\n<meta property=\"og:url\" content=\"https:\/\/www.hotelducentenaire.fr\/en\/contact\/\" \/>\n<meta property=\"og:site_name\" content=\"H\u00f4tel du Centenaire\" \/>\n<meta property=\"article:modified_time\" content=\"2025-11-10T10:03:30+00:00\" \/>\n<meta property=\"og:image\" content=\"https:\/\/www.hotelducentenaire.fr\/wp-content\/uploads\/2022\/07\/le-centenaire-drone-03-1.jpg\" \/>\n\t<meta property=\"og:image:width\" content=\"1400\" \/>\n\t<meta property=\"og:image:height\" content=\"1098\" \/>\n\t<meta property=\"og:image:type\" content=\"image\/jpeg\" \/>\n<meta name=\"twitter:card\" content=\"summary_large_image\" \/>\n<meta name=\"twitter:label1\" content=\"Est. reading time\" \/>\n\t<meta name=\"twitter:data1\" content=\"3 minutes\" \/>\n<script type=\"application\/ld+json\" class=\"yoast-schema-graph\">{\"@context\":\"https:\/\/schema.org\",\"@graph\":[{\"@type\":\"WebPage\",\"@id\":\"https:\/\/www.hotelducentenaire.fr\/en\/contact\/\",\"url\":\"https:\/\/www.hotelducentenaire.fr\/en\/contact\/\",\"name\":\"Contact & acces Hotel \u2605\u2605\u2605\u2605 restaurant Le Centenaire Les Eyzies\",\"isPartOf\":{\"@id\":\"https:\/\/www.hotelducentenaire.fr\/#website\"},\"primaryImageOfPage\":{\"@id\":\"https:\/\/www.hotelducentenaire.fr\/en\/contact\/#primaryimage\"},\"image\":{\"@id\":\"https:\/\/www.hotelducentenaire.fr\/en\/contact\/#primaryimage\"},\"thumbnailUrl\":\"https:\/\/www.hotelducentenaire.fr\/wp-content\/uploads\/2022\/07\/le-centenaire-drone-03-1.jpg\",\"datePublished\":\"2022-06-30T08:37:59+00:00\",\"dateModified\":\"2025-11-10T10:03:30+00:00\",\"description\":\"Contact LE CENTENAIRE H\u00d4TEL \u2605\u2605\u2605\u2605 RESTAURANT en P\u00e9rigord Noir , 2 Avenue du Cingle, 24620 les Eyzies de Tayac Sireuil 05 53 06 68 68\",\"breadcrumb\":{\"@id\":\"https:\/\/www.hotelducentenaire.fr\/en\/contact\/#breadcrumb\"},\"inLanguage\":\"en-US\",\"potentialAction\":[{\"@type\":\"ReadAction\",\"target\":[\"https:\/\/www.hotelducentenaire.fr\/en\/contact\/\"]}]},{\"@type\":\"ImageObject\",\"inLanguage\":\"en-US\",\"@id\":\"https:\/\/www.hotelducentenaire.fr\/en\/contact\/#primaryimage\",\"url\":\"https:\/\/www.hotelducentenaire.fr\/wp-content\/uploads\/2022\/07\/le-centenaire-drone-03-1.jpg\",\"contentUrl\":\"https:\/\/www.hotelducentenaire.fr\/wp-content\/uploads\/2022\/07\/le-centenaire-drone-03-1.jpg\",\"width\":1400,\"height\":1098,\"caption\":\"Vue a\u00e9rienne H\u00f4tel du Centenaire Les Eyzies Dordogne\"},{\"@type\":\"BreadcrumbList\",\"@id\":\"https:\/\/www.hotelducentenaire.fr\/en\/contact\/#breadcrumb\",\"itemListElement\":[{\"@type\":\"ListItem\",\"position\":1,\"name\":\"Accueil\",\"item\":\"https:\/\/www.hotelducentenaire.fr\/en\/\"},{\"@type\":\"ListItem\",\"position\":2,\"name\":\"Contact\"}]},{\"@type\":\"WebSite\",\"@id\":\"https:\/\/www.hotelducentenaire.fr\/#website\",\"url\":\"https:\/\/www.hotelducentenaire.fr\/\",\"name\":\"H\u00f4tel du Centenaire\",\"description\":\"H\u00f4tel \u2605\u2605\u2605\u2605 Restaurant Les-Eyzies-de-Tayac Dordogne \u2013 05 53 06 68 68\",\"potentialAction\":[{\"@type\":\"SearchAction\",\"target\":{\"@type\":\"EntryPoint\",\"urlTemplate\":\"https:\/\/www.hotelducentenaire.fr\/?s={search_term_string}\"},\"query-input\":{\"@type\":\"PropertyValueSpecification\",\"valueRequired\":true,\"valueName\":\"search_term_string\"}}],\"inLanguage\":\"en-US\"}]}<\/script>\n<!-- \/ Yoast SEO plugin. -->","yoast_head_json":{"title":"Contact & acces Hotel \u2605\u2605\u2605\u2605 restaurant Le Centenaire Les Eyzies","description":"Contact LE CENTENAIRE H\u00d4TEL \u2605\u2605\u2605\u2605 RESTAURANT en P\u00e9rigord Noir , 2 Avenue du Cingle, 24620 les Eyzies de Tayac Sireuil 05 53 06 68 68","robots":{"index":"index","follow":"follow","max-snippet":"max-snippet:-1","max-image-preview":"max-image-preview:large","max-video-preview":"max-video-preview:-1"},"canonical":"https:\/\/www.hotelducentenaire.fr\/en\/contact\/","og_locale":"en_US","og_type":"article","og_title":"Contact & acces Hotel \u2605\u2605\u2605\u2605 restaurant Le Centenaire Les Eyzies","og_description":"Contact LE CENTENAIRE H\u00d4TEL \u2605\u2605\u2605\u2605 RESTAURANT en P\u00e9rigord Noir , 2 Avenue du Cingle, 24620 les Eyzies de Tayac Sireuil 05 53 06 68 68","og_url":"https:\/\/www.hotelducentenaire.fr\/en\/contact\/","og_site_name":"H\u00f4tel du Centenaire","article_modified_time":"2025-11-10T10:03:30+00:00","og_image":[{"width":1400,"height":1098,"url":"https:\/\/www.hotelducentenaire.fr\/wp-content\/uploads\/2022\/07\/le-centenaire-drone-03-1.jpg","type":"image\/jpeg"}],"twitter_card":"summary_large_image","twitter_misc":{"Est. reading time":"3 minutes"},"schema":{"@context":"https:\/\/schema.org","@graph":[{"@type":"WebPage","@id":"https:\/\/www.hotelducentenaire.fr\/en\/contact\/","url":"https:\/\/www.hotelducentenaire.fr\/en\/contact\/","name":"Contact & acces Hotel \u2605\u2605\u2605\u2605 restaurant Le Centenaire Les Eyzies","isPartOf":{"@id":"https:\/\/www.hotelducentenaire.fr\/#website"},"primaryImageOfPage":{"@id":"https:\/\/www.hotelducentenaire.fr\/en\/contact\/#primaryimage"},"image":{"@id":"https:\/\/www.hotelducentenaire.fr\/en\/contact\/#primaryimage"},"thumbnailUrl":"https:\/\/www.hotelducentenaire.fr\/wp-content\/uploads\/2022\/07\/le-centenaire-drone-03-1.jpg","datePublished":"2022-06-30T08:37:59+00:00","dateModified":"2025-11-10T10:03:30+00:00","description":"Contact LE CENTENAIRE H\u00d4TEL \u2605\u2605\u2605\u2605 RESTAURANT en P\u00e9rigord Noir , 2 Avenue du Cingle, 24620 les Eyzies de Tayac Sireuil 05 53 06 68 68","breadcrumb":{"@id":"https:\/\/www.hotelducentenaire.fr\/en\/contact\/#breadcrumb"},"inLanguage":"en-US","potentialAction":[{"@type":"ReadAction","target":["https:\/\/www.hotelducentenaire.fr\/en\/contact\/"]}]},{"@type":"ImageObject","inLanguage":"en-US","@id":"https:\/\/www.hotelducentenaire.fr\/en\/contact\/#primaryimage","url":"https:\/\/www.hotelducentenaire.fr\/wp-content\/uploads\/2022\/07\/le-centenaire-drone-03-1.jpg","contentUrl":"https:\/\/www.hotelducentenaire.fr\/wp-content\/uploads\/2022\/07\/le-centenaire-drone-03-1.jpg","width":1400,"height":1098,"caption":"Vue a\u00e9rienne H\u00f4tel du Centenaire Les Eyzies Dordogne"},{"@type":"BreadcrumbList","@id":"https:\/\/www.hotelducentenaire.fr\/en\/contact\/#breadcrumb","itemListElement":[{"@type":"ListItem","position":1,"name":"Accueil","item":"https:\/\/www.hotelducentenaire.fr\/en\/"},{"@type":"ListItem","position":2,"name":"Contact"}]},{"@type":"WebSite","@id":"https:\/\/www.hotelducentenaire.fr\/#website","url":"https:\/\/www.hotelducentenaire.fr\/","name":"H\u00f4tel du Centenaire","description":"H\u00f4tel \u2605\u2605\u2605\u2605 Restaurant Les-Eyzies-de-Tayac Dordogne \u2013 05 53 06 68 68","potentialAction":[{"@type":"SearchAction","target":{"@type":"EntryPoint","urlTemplate":"https:\/\/www.hotelducentenaire.fr\/?s={search_term_string}"},"query-input":{"@type":"PropertyValueSpecification","valueRequired":true,"valueName":"search_term_string"}}],"inLanguage":"en-US"}]}},"_links":{"self":[{"href":"https:\/\/www.hotelducentenaire.fr\/en\/wp-json\/wp\/v2\/pages\/1189","targetHints":{"allow":["GET"]}}],"collection":[{"href":"https:\/\/www.hotelducentenaire.fr\/en\/wp-json\/wp\/v2\/pages"}],"about":[{"href":"https:\/\/www.hotelducentenaire.fr\/en\/wp-json\/wp\/v2\/types\/page"}],"author":[{"embeddable":true,"href":"https:\/\/www.hotelducentenaire.fr\/en\/wp-json\/wp\/v2\/users\/1"}],"replies":[{"embeddable":true,"href":"https:\/\/www.hotelducentenaire.fr\/en\/wp-json\/wp\/v2\/comments?post=1189"}],"version-history":[{"count":8,"href":"https:\/\/www.hotelducentenaire.fr\/en\/wp-json\/wp\/v2\/pages\/1189\/revisions"}],"predecessor-version":[{"id":5009,"href":"https:\/\/www.hotelducentenaire.fr\/en\/wp-json\/wp\/v2\/pages\/1189\/revisions\/5009"}],"wp:featuredmedia":[{"embeddable":true,"href":"https:\/\/www.hotelducentenaire.fr\/en\/wp-json\/wp\/v2\/media\/1050"}],"wp:attachment":[{"href":"https:\/\/www.hotelducentenaire.fr\/en\/wp-json\/wp\/v2\/media?parent=1189"}],"curies":[{"name":"wp","href":"https:\/\/api.w.org\/{rel}","templated":true}]}}