{"id":1327,"date":"2022-11-29T09:15:34","date_gmt":"2022-11-29T08:15:34","guid":{"rendered":"https:\/\/www.hotelducentenaire.fr\/new\/bar\/"},"modified":"2024-03-05T12:52:25","modified_gmt":"2024-03-05T11:52:25","slug":"bar-2","status":"publish","type":"page","link":"https:\/\/www.hotelducentenaire.fr\/en\/bar-2\/","title":{"rendered":"Bar"},"content":{"rendered":"[vc_row full_width=&#8221;stretch_row_content&#8221; curly_padding=&#8221;content-padding-none&#8221;][vc_column]\n\t\t\t<!-- START bar 1 REVOLUTION SLIDER 6.7.31 --><p class=\"rs-p-wp-fix\"><\/p>\n\t\t\t<rs-module-wrap id=\"rev_slider_21_1_wrapper\" data-source=\"gallery\" style=\"visibility:hidden;background:transparent;padding:0;margin:0px auto;margin-top:0;margin-bottom:0;\">\n\t\t\t\t<rs-module id=\"rev_slider_21_1\" style=\"\" data-version=\"6.7.31\">\n\t\t\t\t\t<rs-slides style=\"overflow: hidden; position: absolute;\">\n\t\t\t\t\t\t<rs-slide style=\"position: absolute;\" data-key=\"rs-37\" data-title=\"Slide\" data-anim=\"ms:1000;r:0;\" data-in=\"o:0;\" data-out=\"a:false;\">\n\t\t\t\t\t\t\t<img decoding=\"async\" src=\"\/\/www.hotelducentenaire.fr\/wp-content\/plugins\/revslider\/sr6\/assets\/assets\/dummy.png\" alt=\"Bar H\u00f4tel restaurant le Centenaire\" title=\"Bar H\u00f4tel restaurant le Centenaire\" width=\"1800\" height=\"632\" class=\"rev-slidebg tp-rs-img rs-lazyload\" data-lazyload=\"\/\/www.hotelducentenaire.fr\/wp-content\/uploads\/2022\/12\/thebar.jpg\" data-no-retina>\n<!--\n\t\t\t\t\t\t\t--><rs-layer\n\t\t\t\t\t\t\t\tid=\"slider-21-slide-37-layer-0\" \n\t\t\t\t\t\t\t\tdata-type=\"text\"\n\t\t\t\t\t\t\t\tdata-color=\"#ffffff\"\n\t\t\t\t\t\t\t\tdata-tsh=\"c:rgba(0,0,0,0.73);h:2px;v:1px;b:5px;\"\n\t\t\t\t\t\t\t\tdata-rsp_ch=\"on\"\n\t\t\t\t\t\t\t\tdata-xy=\"x:c;y:181px;\"\n\t\t\t\t\t\t\t\tdata-text=\"w:normal;s:57;l:24;\"\n\t\t\t\t\t\t\t\tdata-frame_1=\"e:power4.inOut;st:130;sp:1500;\"\n\t\t\t\t\t\t\t\tdata-frame_999=\"o:0;st:w;sR:8300;\"\n\t\t\t\t\t\t\t\tstyle=\"z-index:5;font-family:'Crimson Text';text-transform:uppercase;\"\n\t\t\t\t\t\t\t>The bar \n\t\t\t\t\t\t\t<\/rs-layer><!--\n\n\t\t\t\t\t\t\t--><rs-layer\n\t\t\t\t\t\t\t\tid=\"slider-21-slide-37-layer-2\" \n\t\t\t\t\t\t\t\tdata-type=\"image\"\n\t\t\t\t\t\t\t\tdata-rsp_ch=\"on\"\n\t\t\t\t\t\t\t\tdata-xy=\"x:c;xo:23px;y:b;yo:-4px;\"\n\t\t\t\t\t\t\t\tdata-text=\"w:normal;\"\n\t\t\t\t\t\t\t\tdata-dim=\"w:2000px;h:67px;\"\n\t\t\t\t\t\t\t\tdata-frame_999=\"o:0;st:w;\"\n\t\t\t\t\t\t\t\tstyle=\"z-index:7;\"\n\t\t\t\t\t\t\t><img decoding=\"async\" src=\"\/\/www.hotelducentenaire.fr\/wp-content\/plugins\/revslider\/sr6\/assets\/assets\/dummy.png\" alt=\"\" class=\"tp-rs-img rs-lazyload\" width=\"1741\" height=\"58\" data-lazyload=\"\" data-no-retina> \n\t\t\t\t\t\t\t<\/rs-layer><!--\n-->\t\t\t\t\t<\/rs-slide>\n\t\t\t\t\t<\/rs-slides>\n\t\t\t\t<\/rs-module>\n\t\t\t\t<script>\n\t\t\t\t\tsetREVStartSize({c: 'rev_slider_21_1',rl:[1240,1024,778,480],el:[420],gw:[1800],gh:[420],type:'standard',justify:'',layout:'fullwidth',mh:\"0\"});if (window.RS_MODULES!==undefined && window.RS_MODULES.modules!==undefined && window.RS_MODULES.modules[\"revslider211\"]!==undefined) {window.RS_MODULES.modules[\"revslider211\"].once = false;window.revapi21 = undefined;if (window.RS_MODULES.checkMinimal!==undefined) window.RS_MODULES.checkMinimal()}\n\t\t\t\t<\/script>\n\t\t\t<\/rs-module-wrap>\n\t\t\t<!-- END REVOLUTION SLIDER -->\n[\/vc_column][\/vc_row][vc_row full_width=&#8221;stretch_row&#8221; css=&#8221;.vc_custom_1656916215911{background-color: #ffffff !important;}&#8221;][vc_column width=&#8221;1\/2&#8243;][vc_single_image image=&#8221;1345&#8243; img_size=&#8221;full&#8221; onclick=&#8221;link_image&#8221;][\/vc_column][vc_column width=&#8221;1\/2&#8243;][vc_column_text]\n<h3>Bar \u00e0 cocktails<\/h3>\n[\/vc_column_text][vc_column_text]\n<p style=\"text-align: justify;\">Chlo\u00e9 et son \u00e9quipe, form\u00e9es en mixologie, ont \u00e0 c\u0153ur de vous faire d\u00e9couvrir aussi bien des classiques que des cocktails cr\u00e9ations qui vous feront passer un moment unique. Ils privil\u00e9gient les artisans de la r\u00e9gion en utilisant des spiritueux locaux. Chaque sirop est fait maison \u00e0 partir de produits locaux ou du jardin. Vous retrouverez des saveurs brutes et authentiques dans chacune de leurs recettes. Tous les ingr\u00e9dients seront alors r\u00e9unis pour ravir vos sens.<\/p>\n[\/vc_column_text][\/vc_column][\/vc_row][vc_row curly_padding=&#8221;content-padding-none&#8221;][vc_column][vc_media_grid element_width=&#8221;2&#8243; grid_id=&#8221;vc_gid:1669881845304-e5ba780c-2e94-0&#8243; include=&#8221;1361,1359,1357,1355,1353,1351&#8243;][vc_empty_space height=&#8221;15px&#8221;][\/vc_column][\/vc_row][vc_row full_width=&#8221;stretch_row&#8221; css=&#8221;.vc_custom_1657620455523{background: #efeee8 url(https:\/\/www.hotelducentenaire.fr\/wp-content\/uploads\/2022\/07\/taureau.svg?id=431) !important;background-position: center !important;background-repeat: no-repeat !important;background-size: cover !important;}&#8221;][vc_column width=&#8221;1\/2&#8243;][vc_column_text]\n<h3>Une carte des vins \u00e0 couper le souffle<\/h3>\n[\/vc_column_text][vc_column_text]\n<p style=\"text-align: justify;\">Chlo\u00e9 et Mayliss, notre ma\u00eetre d\u2019h\u00f4tel, sont passionn\u00e9es par le monde de l\u2019\u0153nologie. Elles seront \u00e0 m\u00eame de vous transmettre leurs connaissances de fa\u00e7on accessible et chaleureuse afin de vous conseillez au mieux. Prenez la route ! De l\u2019Alsace au Languedoc, en passant par la Bourgogne, notre carte des vins est \u00e9tudi\u00e9e et remani\u00e9e r\u00e9guli\u00e8rement pour valoriser le savoir-faire fran\u00e7ais. N\u2019oubliez \u00e9videmment pas de faire une halte dans le Sud-ouest, et plus pr\u00e9cis\u00e9ment dans notre somptueux vignoble de Bergerac ! Enrichies de solides connaissances par le biais de formations, de d\u00e9gustations et de nombreuses visites de domaines elles recommandent les vins de notre carte avec justesse et exaltation.<br \/>\nUn accord mets et vins \u00ab sur mesure \u00bb vous est propos\u00e9 sur chaque menu pour accompagner au mieux votre balade gustative \u00e0 La Table du Centenaire. \u00c9labor\u00e9e avec le plus grand soin par toute notre \u00e9quipe, cette exp\u00e9rience aura pour but de magnifier votre assiette, en tenant compte \u00e9galement de vos pr\u00e9f\u00e9rences vis-\u00e0-vis des typicit\u00e9s des vins.<\/p>\n[\/vc_column_text][\/vc_column][vc_column width=&#8221;1\/2&#8243;][vc_single_image image=&#8221;1367&#8243; img_size=&#8221;full&#8221; onclick=&#8221;link_image&#8221;][\/vc_column][\/vc_row][vc_row full_width=&#8221;stretch_row&#8221;][vc_column width=&#8221;1\/2&#8243;][vc_single_image image=&#8221;1373&#8243; img_size=&#8221;full&#8221; onclick=&#8221;link_image&#8221;][\/vc_column][vc_column width=&#8221;1\/2&#8243;][vc_column_text]\n<h3>S\u00e9lection de digestifs et de boissons chaudes d\u2019exception<\/h3>\n[\/vc_column_text][vc_column_text]\n<p style=\"text-align: justify;\">Gardons cette id\u00e9e de partage et de convivialit\u00e9 jusqu\u2019au bout. Pour terminer votre repas, en plus d\u2019une s\u00e9lection des meilleurs digestifs \u00ab classiques \u00bb, l\u2019\u00e9quipe vous propose un rhum arrang\u00e9 comme il en est coutume \u00e0 l\u2019\u00cele de la R\u00e9union, clin d\u2019\u0153il de Chlo\u00e9 et Mathieu, propri\u00e9taires des lieux. Ces rhums arrang\u00e9s sont \u00e9labor\u00e9s par chaque membre de l\u2019\u00e9quipe et refl\u00e8tent ainsi leur personnalit\u00e9. Cela peut donner lieu \u00e0 des rhums aux caract\u00e8res bien tremp\u00e9s !<br \/>\nEnfin, pour cl\u00f4turer votre exp\u00e9rience sensorielle, d\u00e9couvrez notre chariot de boissons chaudes. Une s\u00e9lection de th\u00e9, de caf\u00e9s, de fruits s\u00e9ch\u00e9s et d\u2019infusions y est expos\u00e9e. Ce sera \u00e9galement un plaisir pour nous de vous faire visiter notre jardin des plantes puis de confectionner devant vous votre boisson.<\/p>\n[\/vc_column_text][\/vc_column][\/vc_row]\n","protected":false},"excerpt":{"rendered":"<p>[vc_row full_width=&#8221;stretch_row_content&#8221; curly_padding=&#8221;content-padding-none&#8221;][vc_column][\/vc_column][\/vc_row][vc_row full_width=&#8221;stretch_row&#8221; css=&#8221;.vc_custom_1656916215911{background-color: #ffffff !important;}&#8221;][vc_column width=&#8221;1\/2&#8243;][vc_single_image image=&#8221;1345&#8243; img_size=&#8221;full&#8221; [&hellip;]<\/p>\n","protected":false},"author":1,"featured_media":0,"parent":0,"menu_order":0,"comment_status":"closed","ping_status":"closed","template":"","meta":{"footnotes":""},"class_list":["post-1327","page","type-page","status-publish","hentry"],"yoast_head":"<!-- This site is optimized with the Yoast SEO plugin v26.3 - https:\/\/yoast.com\/wordpress\/plugins\/seo\/ -->\n<title>Bar - H\u00f4tel du Centenaire<\/title>\n<meta name=\"robots\" content=\"index, follow, max-snippet:-1, max-image-preview:large, max-video-preview:-1\" \/>\n<link rel=\"canonical\" href=\"https:\/\/www.hotelducentenaire.fr\/en\/bar-2\/\" \/>\n<meta property=\"og:locale\" content=\"en_US\" \/>\n<meta property=\"og:type\" content=\"article\" \/>\n<meta property=\"og:title\" content=\"Bar - H\u00f4tel du Centenaire\" \/>\n<meta property=\"og:description\" content=\"[vc_row full_width=&#8221;stretch_row_content&#8221; curly_padding=&#8221;content-padding-none&#8221;][vc_column][\/vc_column][\/vc_row][vc_row full_width=&#8221;stretch_row&#8221; css=&#8221;.vc_custom_1656916215911{background-color: #ffffff !important;}&#8221;][vc_column width=&#8221;1\/2&#8243;][vc_single_image image=&#8221;1345&#8243; img_size=&#8221;full&#8221; [&hellip;]\" \/>\n<meta property=\"og:url\" content=\"https:\/\/www.hotelducentenaire.fr\/en\/bar-2\/\" \/>\n<meta property=\"og:site_name\" content=\"H\u00f4tel du Centenaire\" \/>\n<meta property=\"article:modified_time\" content=\"2024-03-05T11:52:25+00:00\" \/>\n<meta name=\"twitter:card\" content=\"summary_large_image\" \/>\n<meta name=\"twitter:label1\" content=\"Est. reading time\" \/>\n\t<meta name=\"twitter:data1\" content=\"3 minutes\" \/>\n<script type=\"application\/ld+json\" class=\"yoast-schema-graph\">{\"@context\":\"https:\/\/schema.org\",\"@graph\":[{\"@type\":\"WebPage\",\"@id\":\"https:\/\/www.hotelducentenaire.fr\/en\/bar-2\/\",\"url\":\"https:\/\/www.hotelducentenaire.fr\/en\/bar-2\/\",\"name\":\"Bar - H\u00f4tel du Centenaire\",\"isPartOf\":{\"@id\":\"https:\/\/www.hotelducentenaire.fr\/#website\"},\"datePublished\":\"2022-11-29T08:15:34+00:00\",\"dateModified\":\"2024-03-05T11:52:25+00:00\",\"breadcrumb\":{\"@id\":\"https:\/\/www.hotelducentenaire.fr\/en\/bar-2\/#breadcrumb\"},\"inLanguage\":\"en-US\",\"potentialAction\":[{\"@type\":\"ReadAction\",\"target\":[\"https:\/\/www.hotelducentenaire.fr\/en\/bar-2\/\"]}]},{\"@type\":\"BreadcrumbList\",\"@id\":\"https:\/\/www.hotelducentenaire.fr\/en\/bar-2\/#breadcrumb\",\"itemListElement\":[{\"@type\":\"ListItem\",\"position\":1,\"name\":\"Accueil\",\"item\":\"https:\/\/www.hotelducentenaire.fr\/en\/\"},{\"@type\":\"ListItem\",\"position\":2,\"name\":\"Bar\"}]},{\"@type\":\"WebSite\",\"@id\":\"https:\/\/www.hotelducentenaire.fr\/#website\",\"url\":\"https:\/\/www.hotelducentenaire.fr\/\",\"name\":\"H\u00f4tel du Centenaire\",\"description\":\"H\u00f4tel \u2605\u2605\u2605\u2605 Restaurant Les-Eyzies-de-Tayac Dordogne \u2013 05 53 06 68 68\",\"potentialAction\":[{\"@type\":\"SearchAction\",\"target\":{\"@type\":\"EntryPoint\",\"urlTemplate\":\"https:\/\/www.hotelducentenaire.fr\/?s={search_term_string}\"},\"query-input\":{\"@type\":\"PropertyValueSpecification\",\"valueRequired\":true,\"valueName\":\"search_term_string\"}}],\"inLanguage\":\"en-US\"}]}<\/script>\n<!-- \/ Yoast SEO plugin. -->","yoast_head_json":{"title":"Bar - H\u00f4tel du Centenaire","robots":{"index":"index","follow":"follow","max-snippet":"max-snippet:-1","max-image-preview":"max-image-preview:large","max-video-preview":"max-video-preview:-1"},"canonical":"https:\/\/www.hotelducentenaire.fr\/en\/bar-2\/","og_locale":"en_US","og_type":"article","og_title":"Bar - H\u00f4tel du Centenaire","og_description":"[vc_row full_width=&#8221;stretch_row_content&#8221; curly_padding=&#8221;content-padding-none&#8221;][vc_column][\/vc_column][\/vc_row][vc_row full_width=&#8221;stretch_row&#8221; css=&#8221;.vc_custom_1656916215911{background-color: #ffffff !important;}&#8221;][vc_column width=&#8221;1\/2&#8243;][vc_single_image image=&#8221;1345&#8243; img_size=&#8221;full&#8221; [&hellip;]","og_url":"https:\/\/www.hotelducentenaire.fr\/en\/bar-2\/","og_site_name":"H\u00f4tel du Centenaire","article_modified_time":"2024-03-05T11:52:25+00:00","twitter_card":"summary_large_image","twitter_misc":{"Est. reading time":"3 minutes"},"schema":{"@context":"https:\/\/schema.org","@graph":[{"@type":"WebPage","@id":"https:\/\/www.hotelducentenaire.fr\/en\/bar-2\/","url":"https:\/\/www.hotelducentenaire.fr\/en\/bar-2\/","name":"Bar - H\u00f4tel du Centenaire","isPartOf":{"@id":"https:\/\/www.hotelducentenaire.fr\/#website"},"datePublished":"2022-11-29T08:15:34+00:00","dateModified":"2024-03-05T11:52:25+00:00","breadcrumb":{"@id":"https:\/\/www.hotelducentenaire.fr\/en\/bar-2\/#breadcrumb"},"inLanguage":"en-US","potentialAction":[{"@type":"ReadAction","target":["https:\/\/www.hotelducentenaire.fr\/en\/bar-2\/"]}]},{"@type":"BreadcrumbList","@id":"https:\/\/www.hotelducentenaire.fr\/en\/bar-2\/#breadcrumb","itemListElement":[{"@type":"ListItem","position":1,"name":"Accueil","item":"https:\/\/www.hotelducentenaire.fr\/en\/"},{"@type":"ListItem","position":2,"name":"Bar"}]},{"@type":"WebSite","@id":"https:\/\/www.hotelducentenaire.fr\/#website","url":"https:\/\/www.hotelducentenaire.fr\/","name":"H\u00f4tel du Centenaire","description":"H\u00f4tel \u2605\u2605\u2605\u2605 Restaurant Les-Eyzies-de-Tayac Dordogne \u2013 05 53 06 68 68","potentialAction":[{"@type":"SearchAction","target":{"@type":"EntryPoint","urlTemplate":"https:\/\/www.hotelducentenaire.fr\/?s={search_term_string}"},"query-input":{"@type":"PropertyValueSpecification","valueRequired":true,"valueName":"search_term_string"}}],"inLanguage":"en-US"}]}},"_links":{"self":[{"href":"https:\/\/www.hotelducentenaire.fr\/en\/wp-json\/wp\/v2\/pages\/1327","targetHints":{"allow":["GET"]}}],"collection":[{"href":"https:\/\/www.hotelducentenaire.fr\/en\/wp-json\/wp\/v2\/pages"}],"about":[{"href":"https:\/\/www.hotelducentenaire.fr\/en\/wp-json\/wp\/v2\/types\/page"}],"author":[{"embeddable":true,"href":"https:\/\/www.hotelducentenaire.fr\/en\/wp-json\/wp\/v2\/users\/1"}],"replies":[{"embeddable":true,"href":"https:\/\/www.hotelducentenaire.fr\/en\/wp-json\/wp\/v2\/comments?post=1327"}],"version-history":[{"count":3,"href":"https:\/\/www.hotelducentenaire.fr\/en\/wp-json\/wp\/v2\/pages\/1327\/revisions"}],"predecessor-version":[{"id":1380,"href":"https:\/\/www.hotelducentenaire.fr\/en\/wp-json\/wp\/v2\/pages\/1327\/revisions\/1380"}],"wp:attachment":[{"href":"https:\/\/www.hotelducentenaire.fr\/en\/wp-json\/wp\/v2\/media?parent=1327"}],"curies":[{"name":"wp","href":"https:\/\/api.w.org\/{rel}","templated":true}]}}